{"id":167,"date":"2021-11-15T23:08:22","date_gmt":"2021-11-15T23:08:22","guid":{"rendered":"http:\/\/psicosalusgt.com\/?page_id=167"},"modified":"2022-05-02T23:20:23","modified_gmt":"2022-05-02T23:20:23","slug":"por-que-psico-salus","status":"publish","type":"page","link":"https:\/\/psicosalusgt.com\/index.php\/por-que-psico-salus\/","title":{"rendered":"\u00bfQu\u00e9 es Psico Salus?"},"content":{"rendered":"\t\t<div data-elementor-type=\"wp-page\" data-elementor-id=\"167\" class=\"elementor elementor-167\">\n\t\t\t\t\t\t<section class=\"elementor-section elementor-top-section elementor-element elementor-element-e81b70f elementor-section-boxed elementor-section-height-default elementor-section-height-default\" data-id=\"e81b70f\" data-element_type=\"section\">\n\t\t\t\t\t\t<div class=\"elementor-container elementor-column-gap-default\">\n\t\t\t\t\t<div class=\"elementor-column elementor-col-100 elementor-top-column elementor-element elementor-element-f5066dc\" data-id=\"f5066dc\" data-element_type=\"column\">\n\t\t\t<div class=\"elementor-widget-wrap elementor-element-populated\">\n\t\t\t\t\t\t<div class=\"elementor-element elementor-element-1eb85d7 elementor-widget elementor-widget-heading\" data-id=\"1eb85d7\" data-element_type=\"widget\" data-widget_type=\"heading.default\">\n\t\t\t\t<div class=\"elementor-widget-container\">\n\t\t\t<h1 class=\"elementor-heading-title elementor-size-default\">Psico Salus  \u00bfQui\u00e9nes somos? <\/h1>\t\t<\/div>\n\t\t\t\t<\/div>\n\t\t\t\t\t<\/div>\n\t\t<\/div>\n\t\t\t\t\t<\/div>\n\t\t<\/section>\n\t\t\t\t<section class=\"elementor-section elementor-top-section elementor-element elementor-element-7c10d77 elementor-section-boxed elementor-section-height-default elementor-section-height-default\" data-id=\"7c10d77\" data-element_type=\"section\">\n\t\t\t\t\t\t<div class=\"elementor-container elementor-column-gap-default\">\n\t\t\t\t\t<div class=\"elementor-column elementor-col-100 elementor-top-column elementor-element elementor-element-79ca743 elementor-invisible\" data-id=\"79ca743\" data-element_type=\"column\" data-settings=\"{&quot;animation&quot;:&quot;fadeIn&quot;}\">\n\t\t\t<div class=\"elementor-widget-wrap elementor-element-populated\">\n\t\t\t\t\t\t<div class=\"elementor-element elementor-element-4cdf9de elementor-drop-cap-yes elementor-drop-cap-view-default elementor-widget elementor-widget-text-editor\" data-id=\"4cdf9de\" data-element_type=\"widget\" data-settings=\"{&quot;drop_cap&quot;:&quot;yes&quot;}\" data-widget_type=\"text-editor.default\">\n\t\t\t\t<div class=\"elementor-widget-container\">\n\t\t\t\t\t\t\t<h5><span style=\"color: var(--ast-global-color-2); font-size: 1.2rem; font-style: inherit; font-weight: inherit;\">\u00bfQui\u00e9nes somos?<\/span><\/h5><p>Psico Salus es una propuesta de Servicios en Psicolog\u00eda, principalmente cl\u00ednica, radicada en Guatemala; con un enfoque ecl\u00e9ctico, humano y responsable que parte de la esencia filos\u00f3fica del cuidado del alma (psique\/mente\/emoci\u00f3n) a trav\u00e9s de la ciencia psicol\u00f3gica y\u00a0 modelos psicoterap\u00e9uticos que han demostrado ser v\u00e1lidos y efectivos teniendo como base una relaci\u00f3n terap\u00e9utica genuina.<\/p><h5><span style=\"color: var(--ast-global-color-2); font-size: 1.2rem; font-style: inherit; font-weight: inherit;\">Historia y mitolog\u00eda<\/span><\/h5><p>Con frecuencia utilizamos t\u00e9rminos como salud o higiene sin reparar en su sem\u00e1ntica, simbolog\u00eda u origen, aunque ambos nos parecen naturalmente conceptos relacionados y deseables para el equilibrio del ser humano y su felicidad.<\/p><p>Si evocamos una<strong> visi\u00f3n hist\u00f3rica y filos\u00f3fica<\/strong> de estos conceptos, seguramente surja en nuestra mente im\u00e1genes de esculturas y escritos de la cultura griega, destacada hist\u00f3ricamente por ser g\u00e9nesis de grandes pensadores y fil\u00f3sofos que impactaron desde entonces la concepci\u00f3n y comprensi\u00f3n de la vida misma y el fundamento del desarrollo humano en todas sus vertientes a partir del ejercicio del pensamiento cr\u00edtico y reflexivo. En contraposici\u00f3n, la cultura Romana nos transmite una idea m\u00e1s pragm\u00e1tica de fuerza y pol\u00edtica, siendo ampliamente dominantes sobre Grecia en este sentido.<\/p><p>No obstante, los Romanos, fieles a su esp\u00edritu pr\u00e1ctico adoptaban de otras culturas los aspectos que les parec\u00edan v\u00e1lidos, siendo la cultura griega claramente el modelo a seguir en cuanto a la educaci\u00f3n y el pensamiento. De esta forma se da un proceso de sincretismo en el que ambas culturas comparten diversos aspectos, entre ellos, sus creencias y mitolog\u00eda.<\/p><h5>\u00a0<\/h5><h5>Hygea \/ Salus<\/h5><p>Es por anterior, que muchos de los Dioses griegos poseen un equivalente romano como es el caso de las <strong>Diosas Hygea y Salus<\/strong>, de la mitolog\u00eda griega y romana respectivamente y de las cuales devienen las palabras higiene y salud. En la mitolog\u00eda griega, <strong>Hygea era la hija de Asclepio, Dios de la Medicina y lo relacionado a la salud y armon\u00eda<\/strong> (Esculapio en Roma). Es representada dando de beber a una serpiente que es s\u00edmbolo de una larga vida a trav\u00e9s del renacer de su cambio de piel. A su vez es nieta de Apolo, Dios de las artes que conecta con la sensibilidad del alma.<\/p><h5>Salud Psicol\u00f3gica<\/h5><p>De esta forma <em><span style=\"color: #333333;\"><strong>Psico Salus<\/strong><\/span><\/em>, concatena salud y psiquis, representando <strong>la salud de lo psicol\u00f3gico, las emociones y el alma<\/strong>; conceptos todos relacionados y entrelazados sem\u00e1ntica y simb\u00f3licamente desde diversas perspectivas, reflejando el <strong>esp\u00edritu hol\u00edstico<\/strong> con el que se emplean los modelos psicoterap\u00e9uticos en funci\u00f3n de la persona y la comprensi\u00f3n de la naturaleza humana como compleja y diversa pero inmutable en su esencia.\u00a0<\/p><h5>Objetivos psicoterap\u00e9uticos<\/h5><p>Los objetivos psicoterap\u00e9uticos se establecen en conjunto con el paciente, para lo cual el terapeuta posee la <strong>capacidad <\/strong>de reconocimiento del ser humano sin prejuicios de forma incondicional, acompa\u00f1\u00e1ndole en un proceso que conduce al <strong>equilibrio<\/strong>, las <strong>conductas adaptativas<\/strong> y el aumento \u2013redescubrimiento- de las <strong>capacidades de afrontamiento<\/strong> ante la conflictividad y la construcci\u00f3n de<strong> ideas racionales<\/strong> y una<strong> percepci\u00f3n saludable<\/strong> de nuestra realidad individual y colectiva en armon\u00eda.\u00a0<\/p><blockquote><p>Ps. Juan Arturo Otero C.<\/p><p>&#8211; Psico Salus Guatemala &#8211;<\/p><\/blockquote>\t\t\t\t\t\t<\/div>\n\t\t\t\t<\/div>\n\t\t\t\t\t<\/div>\n\t\t<\/div>\n\t\t\t\t\t<\/div>\n\t\t<\/section>\n\t\t\t\t<section class=\"elementor-section elementor-top-section elementor-element elementor-element-e852ecd elementor-section-boxed elementor-section-height-default elementor-section-height-default\" data-id=\"e852ecd\" data-element_type=\"section\">\n\t\t\t\t\t\t<div class=\"elementor-container elementor-column-gap-default\">\n\t\t\t\t\t<div class=\"elementor-column elementor-col-100 elementor-top-column elementor-element elementor-element-65bc20f\" data-id=\"65bc20f\" data-element_type=\"column\">\n\t\t\t<div class=\"elementor-widget-wrap elementor-element-populated\">\n\t\t\t\t\t\t<div class=\"elementor-element elementor-element-c975ca5 elementor-widget elementor-widget-image\" data-id=\"c975ca5\" data-element_type=\"widget\" data-widget_type=\"image.default\">\n\t\t\t\t<div class=\"elementor-widget-container\">\n\t\t\t\t\t\t\t\t\t\t\t\t\t<img fetchpriority=\"high\" decoding=\"async\" width=\"804\" height=\"957\" src=\"https:\/\/psicosalusgt.com\/wp-content\/uploads\/2021\/11\/salus_diosa.jpg\" class=\"attachment-large size-large wp-image-169\" alt=\"Salus\" srcset=\"https:\/\/psicosalusgt.com\/wp-content\/uploads\/2021\/11\/salus_diosa.jpg 804w, https:\/\/psicosalusgt.com\/wp-content\/uploads\/2021\/11\/salus_diosa-252x300.jpg 252w, https:\/\/psicosalusgt.com\/wp-content\/uploads\/2021\/11\/salus_diosa-768x914.jpg 768w\" sizes=\"(max-width: 804px) 100vw, 804px\" \/>\t\t\t\t\t\t\t\t\t\t\t\t\t<\/div>\n\t\t\t\t<\/div>\n\t\t\t\t\t<\/div>\n\t\t<\/div>\n\t\t\t\t\t<\/div>\n\t\t<\/section>\n\t\t\t\t<div class=\"unlimited-elements-background-overlay\" data-forid=\"e852ecd\" data-location=\"back\" style=\"display:none\">\n\t\t\t<template>\n\t\t\t\n<!-- start Particles -->\n<style>\/* widget: Particles *\/\n\n.uc-background-particles{\n  position:absolute; \n  width: 100%; \n  height: 100%; \n  top:0px;\n  left:0px;\t\n}\n\n<\/style>\n\n<div id=\"uc_particles_background_bg_addon15938\" class=\"uc-background-particles\"><\/div>\n<script type=\"text\/javascript\"  id=\"ue_script_particles_background\">\n\n\/* Particles scripts: *\/ \n\njQuery(document).ready(function(){\n  \n  var objSettings = {\n   \"particles\":{\n      \"number\":{\n         \"value\":35,\n         \"density\":{\n            \"enable\":true,\n            \"value_area\":800\n         }\n      },\n      \"color\":{\n         \"value\":\"#EC2BD6\"\n      },\n      \"shape\":{\n         \"type\":\"circle\",\n         \"stroke\":{\n            \"width\":0,\n            \"color\":\"#000000\"\n         },\n         \"polygon\":{\n            \"nb_sides\":5\n         },\n         \"image\":{\n            \"src\":\"img\/github.svg\",\n            \"width\":100,\n            \"height\":100\n         }\n      },\n      \"opacity\":{\n         \"value\":2,\n         \"random\":false,\n         \"anim\":{\n            \"enable\":false,\n            \"speed\":1,\n            \"opacity_min\":0.1,\n            \"sync\":false\n         }\n      },\n      \"size\":{\n         \"value\":3,\n         \"random\":true,\n         \"anim\":{\n            \"enable\":false,\n            \"speed\":40,\n            \"size_min\":0.1,\n            \"sync\":false\n         }\n      },\n      \"line_linked\":{\n         \"enable\":true,\n         \"distance\":150,\n         \"color\":\"#EC2BD6\",\n         \"opacity\":0.4,\n         \"width\":1\n      },\n      \"move\":{\n         \"enable\":true,\n         \"speed\":6,\n         \"direction\":\"none\",\n         \"random\":false,\n         \"straight\":false,\n         \"out_mode\":\"out\",\n         \"bounce\":false,\n         \"attract\":{\n            \"enable\":false,\n            \"rotateX\":600,\n            \"rotateY\":1200\n         }\n      }\n   },\n   \"interactivity\":{\n      \"detect_on\":\"canvas\",\n      \"events\":{\n         \"onhover\":{\n            \"enable\":true,\n            \"mode\":\"repulse\"\n         },\n         \"onclick\":{\n            \"enable\":true,\n            \"mode\":\"push\"\n         },\n         \"resize\":true\n      },\n      \"modes\":{\n         \"grab\":{\n            \"distance\":400,\n            \"line_linked\":{\n               \"opacity\":1\n            }\n         },\n         \"bubble\":{\n            \"distance\":400,\n            \"size\":40,\n            \"duration\":2,\n            \"opacity\":8,\n            \"speed\":3\n         },\n         \"repulse\":{\n            \"distance\":200,\n            \"duration\":0.4\n         },\n         \"push\":{\n            \"particles_nb\":4\n         },\n         \"remove\":{\n            \"particles_nb\":2\n         }\n      }\n   },\n   \"retina_detect\":true\n};\n  particlesJS(\"uc_particles_background_bg_addon15938\", objSettings);\n  \n  var count_particles, stats, update; stats = new Stats; stats.setMode(0); stats.domElement.style.position = 'absolute'; stats.domElement.style.left = '0px'; stats.domElement.style.top = '0px';\n});\n<\/script>\n<!-- end Particles -->\t\t\t<\/template>\n\t\t<\/div>\n\t\t\n\t\t\t\t<\/div>\n\t\t","protected":false},"excerpt":{"rendered":"<p>Psico Salus \u00bfQui\u00e9nes somos? \u00bfQui\u00e9nes somos? Psico Salus es una propuesta de Servicios en Psicolog\u00eda, principalmente cl\u00ednica, radicada en Guatemala; con un enfoque ecl\u00e9ctico, humano y responsable que parte de la esencia filos\u00f3fica del cuidado del alma (psique\/mente\/emoci\u00f3n) a trav\u00e9s de la ciencia psicol\u00f3gica y\u00a0 modelos psicoterap\u00e9uticos que han demostrado ser v\u00e1lidos y efectivos teniendo [&hellip;]<\/p>\n","protected":false},"author":1,"featured_media":0,"parent":0,"menu_order":0,"comment_status":"closed","ping_status":"closed","template":"","meta":{"om_disable_all_campaigns":false,"_monsterinsights_skip_tracking":false,"_monsterinsights_sitenote_active":false,"_monsterinsights_sitenote_note":"","_monsterinsights_sitenote_category":0,"site-sidebar-layout":"no-sidebar","site-content-layout":"page-builder","ast-site-content-layout":"","site-content-style":"default","site-sidebar-style":"default","ast-global-header-display":"","ast-banner-title-visibility":"","ast-main-header-display":"","ast-hfb-above-header-display":"","ast-hfb-below-header-display":"","ast-hfb-mobile-header-display":"","site-post-title":"disabled","ast-breadcrumbs-content":"","ast-featured-img":"disabled","footer-sml-layout":"","theme-transparent-header-meta":"default","adv-header-id-meta":"","stick-header-meta":"","header-above-stick-meta":"","header-main-stick-meta":"","header-below-stick-meta":"","astra-migrate-meta-layouts":"default","ast-page-background-enabled":"default","ast-page-background-meta":{"desktop":{"background-color":"var(--ast-global-color-4)","background-image":"","background-repeat":"repeat","background-position":"center center","background-size":"auto","background-attachment":"scroll","background-type":"","background-media":"","overlay-type":"","overlay-color":"","overlay-opacity":"","overlay-gradient":""},"tablet":{"background-color":"","background-image":"","background-repeat":"repeat","background-position":"center center","background-size":"auto","background-attachment":"scroll","background-type":"","background-media":"","overlay-type":"","overlay-color":"","overlay-opacity":"","overlay-gradient":""},"mobile":{"background-color":"","background-image":"","background-repeat":"repeat","background-position":"center center","background-size":"auto","background-attachment":"scroll","background-type":"","background-media":"","overlay-type":"","overlay-color":"","overlay-opacity":"","overlay-gradient":""}},"ast-content-background-meta":{"desktop":{"background-color":"var(--ast-global-color-5)","background-image":"","background-repeat":"repeat","background-position":"center center","background-size":"auto","background-attachment":"scroll","background-type":"","background-media":"","overlay-type":"","overlay-color":"","overlay-opacity":"","overlay-gradient":""},"tablet":{"background-color":"var(--ast-global-color-5)","background-image":"","background-repeat":"repeat","background-position":"center center","background-size":"auto","background-attachment":"scroll","background-type":"","background-media":"","overlay-type":"","overlay-color":"","overlay-opacity":"","overlay-gradient":""},"mobile":{"background-color":"var(--ast-global-color-5)","background-image":"","background-repeat":"repeat","background-position":"center center","background-size":"auto","background-attachment":"scroll","background-type":"","background-media":"","overlay-type":"","overlay-color":"","overlay-opacity":"","overlay-gradient":""}},"footnotes":""},"class_list":["post-167","page","type-page","status-publish","hentry"],"aioseo_notices":[],"_links":{"self":[{"href":"https:\/\/psicosalusgt.com\/index.php\/wp-json\/wp\/v2\/pages\/167","targetHints":{"allow":["GET"]}}],"collection":[{"href":"https:\/\/psicosalusgt.com\/index.php\/wp-json\/wp\/v2\/pages"}],"about":[{"href":"https:\/\/psicosalusgt.com\/index.php\/wp-json\/wp\/v2\/types\/page"}],"author":[{"embeddable":true,"href":"https:\/\/psicosalusgt.com\/index.php\/wp-json\/wp\/v2\/users\/1"}],"replies":[{"embeddable":true,"href":"https:\/\/psicosalusgt.com\/index.php\/wp-json\/wp\/v2\/comments?post=167"}],"version-history":[{"count":30,"href":"https:\/\/psicosalusgt.com\/index.php\/wp-json\/wp\/v2\/pages\/167\/revisions"}],"predecessor-version":[{"id":492,"href":"https:\/\/psicosalusgt.com\/index.php\/wp-json\/wp\/v2\/pages\/167\/revisions\/492"}],"wp:attachment":[{"href":"https:\/\/psicosalusgt.com\/index.php\/wp-json\/wp\/v2\/media?parent=167"}],"curies":[{"name":"wp","href":"https:\/\/api.w.org\/{rel}","templated":true}]}}