{"id":247,"date":"2022-01-18T16:10:58","date_gmt":"2022-01-18T16:10:58","guid":{"rendered":"http:\/\/psicosalusgt.com\/?page_id=247"},"modified":"2022-04-19T15:55:28","modified_gmt":"2022-04-19T15:55:28","slug":"metodologia","status":"publish","type":"page","link":"https:\/\/psicosalusgt.com\/index.php\/metodologia\/","title":{"rendered":"Metodolog\u00eda"},"content":{"rendered":"\t\t<div data-elementor-type=\"wp-page\" data-elementor-id=\"247\" class=\"elementor elementor-247\">\n\t\t\t\t\t\t<section class=\"elementor-section elementor-top-section elementor-element elementor-element-21c0cc8 elementor-section-boxed elementor-section-height-default elementor-section-height-default\" data-id=\"21c0cc8\" data-element_type=\"section\">\n\t\t\t\t\t\t<div class=\"elementor-container elementor-column-gap-default\">\n\t\t\t\t\t<div class=\"elementor-column elementor-col-100 elementor-top-column elementor-element elementor-element-eb278d9\" data-id=\"eb278d9\" data-element_type=\"column\">\n\t\t\t<div class=\"elementor-widget-wrap elementor-element-populated\">\n\t\t\t\t\t\t<div class=\"elementor-element elementor-element-ac38fff elementor-widget elementor-widget-ucaddon_separator_divider\" data-id=\"ac38fff\" data-element_type=\"widget\" data-widget_type=\"ucaddon_separator_divider.default\">\n\t\t\t\t<div class=\"elementor-widget-container\">\n\t\t\t\n<!-- start Unlimited Separator Divider -->\n<style>\/* widget: Unlimited Separator Divider *\/\n\n#uc_separator_divider_elementor_ac38fff svg\n{\n  width:100%;\n}\n\n<\/style>\n\n<div id=\"uc_separator_divider_elementor_ac38fff\" class=\"separator_divider\">   \n  \n\t\n  \n  \n  \n   \n  \n  \n\n    \n    \n  \n    \n  \n<svg version=\"1.1\" xmlns=\"http:\/\/www.w3.org\/2000\/svg\" x=\"0\" y=\"0\" viewBox=\"0 0 66.5 5.5\" xml:space=\"preserve\">\n\n  <path class=\"st0\" d=\"M28.6 2.7l4.8 2.8 4.7-2.8L33.4 0zM63.6 3.6l2.9-.9-2.9-.9-2.2.7H50.5L48 1l-2.9 1.7L42.2 1l-3 1.7 3 1.7 2.9-1.7L48 4.4 50.5 3h10.9zM21.6 2.7L18.7 1l-2.5 1.5H5.1L3 1.8l-3 .9 3 .9L5.1 3h11.1l2.5 1.4 2.9-1.7 3 1.7 2.9-1.7L24.6 1z\"\/>\n<\/svg>\n    \n  \n    \n    \n    \n    \n  \n<\/div>\n<!-- end Unlimited Separator Divider -->\t\t<\/div>\n\t\t\t\t<\/div>\n\t\t\t\t\t<\/div>\n\t\t<\/div>\n\t\t\t\t\t<\/div>\n\t\t<\/section>\n\t\t\t\t<section class=\"elementor-section elementor-top-section elementor-element elementor-element-fa7badb elementor-section-boxed elementor-section-height-default elementor-section-height-default\" data-id=\"fa7badb\" data-element_type=\"section\">\n\t\t\t\t\t\t<div class=\"elementor-container elementor-column-gap-default\">\n\t\t\t\t\t<div class=\"elementor-column elementor-col-100 elementor-top-column elementor-element elementor-element-03e3bc0\" data-id=\"03e3bc0\" data-element_type=\"column\">\n\t\t\t<div class=\"elementor-widget-wrap elementor-element-populated\">\n\t\t\t\t\t\t<div class=\"elementor-element elementor-element-33574e2 elementor-widget elementor-widget-heading\" data-id=\"33574e2\" data-element_type=\"widget\" data-widget_type=\"heading.default\">\n\t\t\t\t<div class=\"elementor-widget-container\">\n\t\t\t<h2 class=\"elementor-heading-title elementor-size-default\">Marco psicoterap\u00e9utico y metodolog\u00eda<\/h2>\t\t<\/div>\n\t\t\t\t<\/div>\n\t\t\t\t\t<\/div>\n\t\t<\/div>\n\t\t\t\t\t<\/div>\n\t\t<\/section>\n\t\t\t\t<section class=\"elementor-section elementor-top-section elementor-element elementor-element-acc3826 elementor-section-boxed elementor-section-height-default elementor-section-height-default\" data-id=\"acc3826\" data-element_type=\"section\">\n\t\t\t\t\t\t<div class=\"elementor-container elementor-column-gap-default\">\n\t\t\t\t\t<div class=\"elementor-column elementor-col-50 elementor-top-column elementor-element elementor-element-b31a6e1\" data-id=\"b31a6e1\" data-element_type=\"column\">\n\t\t\t<div class=\"elementor-widget-wrap elementor-element-populated\">\n\t\t\t\t\t\t<div class=\"elementor-element elementor-element-6d5dbde elementor-widget elementor-widget-image\" data-id=\"6d5dbde\" data-element_type=\"widget\" data-widget_type=\"image.default\">\n\t\t\t\t<div class=\"elementor-widget-container\">\n\t\t\t\t\t\t\t\t\t\t\t\t\t<img fetchpriority=\"high\" decoding=\"async\" width=\"768\" height=\"1152\" src=\"https:\/\/psicosalusgt.com\/wp-content\/uploads\/2022\/01\/pexels-cottonbro-4100669-768x1152.jpg\" class=\"attachment-medium_large size-medium_large wp-image-310\" alt=\"\" srcset=\"https:\/\/psicosalusgt.com\/wp-content\/uploads\/2022\/01\/pexels-cottonbro-4100669-768x1152.jpg 768w, https:\/\/psicosalusgt.com\/wp-content\/uploads\/2022\/01\/pexels-cottonbro-4100669-200x300.jpg 200w, https:\/\/psicosalusgt.com\/wp-content\/uploads\/2022\/01\/pexels-cottonbro-4100669-683x1024.jpg 683w, https:\/\/psicosalusgt.com\/wp-content\/uploads\/2022\/01\/pexels-cottonbro-4100669-1024x1536.jpg 1024w, https:\/\/psicosalusgt.com\/wp-content\/uploads\/2022\/01\/pexels-cottonbro-4100669-1365x2048.jpg 1365w, https:\/\/psicosalusgt.com\/wp-content\/uploads\/2022\/01\/pexels-cottonbro-4100669-scaled.jpg 1707w\" sizes=\"(max-width: 768px) 100vw, 768px\" \/>\t\t\t\t\t\t\t\t\t\t\t\t\t<\/div>\n\t\t\t\t<\/div>\n\t\t\t\t\t<\/div>\n\t\t<\/div>\n\t\t\t\t<div class=\"elementor-column elementor-col-50 elementor-top-column elementor-element elementor-element-d70c859\" data-id=\"d70c859\" data-element_type=\"column\">\n\t\t\t<div class=\"elementor-widget-wrap elementor-element-populated\">\n\t\t\t\t\t\t<div class=\"elementor-element elementor-element-575dedf elementor-drop-cap-yes elementor-drop-cap-view-default elementor-widget elementor-widget-text-editor\" data-id=\"575dedf\" data-element_type=\"widget\" data-settings=\"{&quot;drop_cap&quot;:&quot;yes&quot;}\" data-widget_type=\"text-editor.default\">\n\t\t\t\t<div class=\"elementor-widget-container\">\n\t\t\t\t\t\t\t<p style=\"text-align: left;\">La<strong> psicoterapia<\/strong> es una forma de tratamiento dentro del \u00e1rea de la salud mental indicada tanto de forma reactiva como preventiva; es aplicable a diversidad de procesos tales como autoconocimiento, manejo de emociones, ansiedad, ataques de p\u00e1nico, estr\u00e9s, habilidades sociales, problemas de pareja, familiares, laborales, etc. incluyendo trastornos som\u00e1ticos, alimenticios y de personalidad, entre otros.<\/p>\n<p>El <strong>fundamento<\/strong> principal de la psicoterapia es la <strong>relaci\u00f3n terap\u00e9utica<\/strong>, en la que paciente y psic\u00f3logo se comprometen e involucran en el proceso de forma abierta, genuina y natural estableciendo una relaci\u00f3n \u00fanica enmarcada en la <strong>confianza<\/strong>.<\/p>\n<p>Partimos de la base te\u00f3rica de diversas corrientes humanistas y cognitivas por su <strong>comprobada validez cient\u00edfica<\/strong>, <strong>respeto hacia el paciente, resultados m\u00e1s inmediatos, duraderos y profundos.<\/strong> De forma ecl\u00e9ctica y centrada en los objetivos del paciente aplicamos modelos de <b>Terapia Ce<\/b><strong>ntrada en el Cliente, Terapia Cognitiva Conductual y la Terapia Racional Emotiva Conductual<\/strong>, as\u00ed como t\u00e9cnicas de diferentes modelos que puedan ser de utilidad en el proceso.<\/p>\n<p>Es el paciente quien marca la direcci\u00f3n y es acompa\u00f1ado por el terapeuta para la <strong>superaci\u00f3n<\/strong> del conflicto, la <strong>estabilidad<\/strong> emocional y psicol\u00f3gica as\u00ed como el aumento de los propios <strong>recursos<\/strong> para afrontar adversidades en el futuro.&nbsp;<\/p>\t\t\t\t\t\t<\/div>\n\t\t\t\t<\/div>\n\t\t\t\t\t<\/div>\n\t\t<\/div>\n\t\t\t\t\t<\/div>\n\t\t<\/section>\n\t\t\t\t<section class=\"elementor-section elementor-top-section elementor-element elementor-element-0acc284 elementor-section-boxed elementor-section-height-default elementor-section-height-default\" data-id=\"0acc284\" data-element_type=\"section\">\n\t\t\t\t\t\t\t<div class=\"elementor-background-overlay\"><\/div>\n\t\t\t\t\t\t\t<div class=\"elementor-container elementor-column-gap-default\">\n\t\t\t\t\t<div class=\"elementor-column elementor-col-50 elementor-top-column elementor-element elementor-element-683b4d9\" data-id=\"683b4d9\" data-element_type=\"column\">\n\t\t\t<div class=\"elementor-widget-wrap elementor-element-populated\">\n\t\t\t\t\t\t<div class=\"elementor-element elementor-element-d1a8772 elementor-drop-cap-yes elementor-drop-cap-view-default elementor-widget elementor-widget-text-editor\" data-id=\"d1a8772\" data-element_type=\"widget\" data-settings=\"{&quot;drop_cap&quot;:&quot;yes&quot;}\" data-widget_type=\"text-editor.default\">\n\t\t\t\t<div class=\"elementor-widget-container\">\n\t\t\t\t\t\t\t<h5 style=\"text-align: left;\">\u00bfC\u00f3mo se lleva a cabo el proceso?<\/h5><p>Cuando hablamos de salud mental hay que partir de la base de la comprensi\u00f3n de ser un <strong>proceso<\/strong>, es decir, una serie de momentos en los que se realiza un trabajo conjunto para avanzar en la direcci\u00f3n deseada.<\/p><p>De forma sintetizada, podemos indicar que el proceso se da de la siguiente forma. En un primer momento se recaba<strong> informaci\u00f3n personal general<\/strong> para obtener un marco global que permita comprender mejor a la persona. De forma colaborativa se inicia un <strong>proceso diagn\u00f3stico<\/strong> en el que se habla acerca del motivo de consulta y la informaci\u00f3n relacionada.<\/p><p>\u00a0Se establecen a partir de este momento <strong>objetivos de forma consensuada<\/strong> y se dise\u00f1a un <strong>plan terap\u00e9utico<\/strong>, el cual se lleva a cabo en el marco de la relaci\u00f3n paciente-terapeuta para alcanzar los objetivos propuestos, sumando a las <strong>sesiones terap\u00e9uticas<\/strong> recursos pr\u00e1cticos a implementar entre consultas.<\/p><p>Una vez alcanzados los objetivos, pueden establecerse otros nuevos o bien dar por concluido el proceso y establecer sesiones de <strong>seguimiento<\/strong> longitudinales, dejando la puerta abierta a nuevas consultas seg\u00fan sean requeridas por el paciente. \u00a0<\/p>\t\t\t\t\t\t<\/div>\n\t\t\t\t<\/div>\n\t\t\t\t\t<\/div>\n\t\t<\/div>\n\t\t\t\t<div class=\"elementor-column elementor-col-50 elementor-top-column elementor-element elementor-element-2fce1a9\" data-id=\"2fce1a9\" data-element_type=\"column\">\n\t\t\t<div class=\"elementor-widget-wrap elementor-element-populated\">\n\t\t\t\t\t\t<div class=\"elementor-element elementor-element-3c8d803 elementor-widget elementor-widget-image\" data-id=\"3c8d803\" data-element_type=\"widget\" data-widget_type=\"image.default\">\n\t\t\t\t<div class=\"elementor-widget-container\">\n\t\t\t\t\t\t\t\t\t\t\t\t\t<img decoding=\"async\" width=\"683\" height=\"1024\" src=\"https:\/\/psicosalusgt.com\/wp-content\/uploads\/2022\/01\/pexels-eva-elijas-6475311-683x1024.jpg\" class=\"attachment-large size-large wp-image-312\" alt=\"\" srcset=\"https:\/\/psicosalusgt.com\/wp-content\/uploads\/2022\/01\/pexels-eva-elijas-6475311-683x1024.jpg 683w, https:\/\/psicosalusgt.com\/wp-content\/uploads\/2022\/01\/pexels-eva-elijas-6475311-200x300.jpg 200w, https:\/\/psicosalusgt.com\/wp-content\/uploads\/2022\/01\/pexels-eva-elijas-6475311-768x1152.jpg 768w, https:\/\/psicosalusgt.com\/wp-content\/uploads\/2022\/01\/pexels-eva-elijas-6475311-1024x1536.jpg 1024w, https:\/\/psicosalusgt.com\/wp-content\/uploads\/2022\/01\/pexels-eva-elijas-6475311-1365x2048.jpg 1365w, https:\/\/psicosalusgt.com\/wp-content\/uploads\/2022\/01\/pexels-eva-elijas-6475311-scaled.jpg 1707w\" sizes=\"(max-width: 683px) 100vw, 683px\" \/>\t\t\t\t\t\t\t\t\t\t\t\t\t<\/div>\n\t\t\t\t<\/div>\n\t\t\t\t\t<\/div>\n\t\t<\/div>\n\t\t\t\t\t<\/div>\n\t\t<\/section>\n\t\t\t\t<\/div>\n\t\t","protected":false},"excerpt":{"rendered":"<p>Marco psicoterap\u00e9utico y metodolog\u00eda La psicoterapia es una forma de tratamiento dentro del \u00e1rea de la salud mental indicada tanto de forma reactiva como preventiva; es aplicable a diversidad de procesos tales como autoconocimiento, manejo de emociones, ansiedad, ataques de p\u00e1nico, estr\u00e9s, habilidades sociales, problemas de pareja, familiares, laborales, etc. incluyendo trastornos som\u00e1ticos, alimenticios y [&hellip;]<\/p>\n","protected":false},"author":1,"featured_media":0,"parent":0,"menu_order":0,"comment_status":"closed","ping_status":"closed","template":"","meta":{"om_disable_all_campaigns":false,"_monsterinsights_skip_tracking":false,"_monsterinsights_sitenote_active":false,"_monsterinsights_sitenote_note":"","_monsterinsights_sitenote_category":0,"site-sidebar-layout":"no-sidebar","site-content-layout":"page-builder","ast-site-content-layout":"","site-content-style":"default","site-sidebar-style":"default","ast-global-header-display":"","ast-banner-title-visibility":"","ast-main-header-display":"","ast-hfb-above-header-display":"","ast-hfb-below-header-display":"","ast-hfb-mobile-header-display":"","site-post-title":"disabled","ast-breadcrumbs-content":"","ast-featured-img":"disabled","footer-sml-layout":"","theme-transparent-header-meta":"default","adv-header-id-meta":"","stick-header-meta":"","header-above-stick-meta":"","header-main-stick-meta":"","header-below-stick-meta":"","astra-migrate-meta-layouts":"default","ast-page-background-enabled":"default","ast-page-background-meta":{"desktop":{"background-color":"var(--ast-global-color-4)","background-image":"","background-repeat":"repeat","background-position":"center center","background-size":"auto","background-attachment":"scroll","background-type":"","background-media":"","overlay-type":"","overlay-color":"","overlay-opacity":"","overlay-gradient":""},"tablet":{"background-color":"","background-image":"","background-repeat":"repeat","background-position":"center center","background-size":"auto","background-attachment":"scroll","background-type":"","background-media":"","overlay-type":"","overlay-color":"","overlay-opacity":"","overlay-gradient":""},"mobile":{"background-color":"","background-image":"","background-repeat":"repeat","background-position":"center center","background-size":"auto","background-attachment":"scroll","background-type":"","background-media":"","overlay-type":"","overlay-color":"","overlay-opacity":"","overlay-gradient":""}},"ast-content-background-meta":{"desktop":{"background-color":"var(--ast-global-color-5)","background-image":"","background-repeat":"repeat","background-position":"center center","background-size":"auto","background-attachment":"scroll","background-type":"","background-media":"","overlay-type":"","overlay-color":"","overlay-opacity":"","overlay-gradient":""},"tablet":{"background-color":"var(--ast-global-color-5)","background-image":"","background-repeat":"repeat","background-position":"center center","background-size":"auto","background-attachment":"scroll","background-type":"","background-media":"","overlay-type":"","overlay-color":"","overlay-opacity":"","overlay-gradient":""},"mobile":{"background-color":"var(--ast-global-color-5)","background-image":"","background-repeat":"repeat","background-position":"center center","background-size":"auto","background-attachment":"scroll","background-type":"","background-media":"","overlay-type":"","overlay-color":"","overlay-opacity":"","overlay-gradient":""}},"footnotes":""},"class_list":["post-247","page","type-page","status-publish","hentry"],"aioseo_notices":[],"_links":{"self":[{"href":"https:\/\/psicosalusgt.com\/index.php\/wp-json\/wp\/v2\/pages\/247","targetHints":{"allow":["GET"]}}],"collection":[{"href":"https:\/\/psicosalusgt.com\/index.php\/wp-json\/wp\/v2\/pages"}],"about":[{"href":"https:\/\/psicosalusgt.com\/index.php\/wp-json\/wp\/v2\/types\/page"}],"author":[{"embeddable":true,"href":"https:\/\/psicosalusgt.com\/index.php\/wp-json\/wp\/v2\/users\/1"}],"replies":[{"embeddable":true,"href":"https:\/\/psicosalusgt.com\/index.php\/wp-json\/wp\/v2\/comments?post=247"}],"version-history":[{"count":7,"href":"https:\/\/psicosalusgt.com\/index.php\/wp-json\/wp\/v2\/pages\/247\/revisions"}],"predecessor-version":[{"id":460,"href":"https:\/\/psicosalusgt.com\/index.php\/wp-json\/wp\/v2\/pages\/247\/revisions\/460"}],"wp:attachment":[{"href":"https:\/\/psicosalusgt.com\/index.php\/wp-json\/wp\/v2\/media?parent=247"}],"curies":[{"name":"wp","href":"https:\/\/api.w.org\/{rel}","templated":true}]}}