{"id":254,"date":"2022-01-18T15:59:45","date_gmt":"2022-01-18T15:59:45","guid":{"rendered":"http:\/\/psicosalusgt.com\/?page_id=254"},"modified":"2022-02-01T19:32:18","modified_gmt":"2022-02-01T19:32:18","slug":"psicoterapia-infantil-juvenil","status":"publish","type":"page","link":"https:\/\/psicosalusgt.com\/index.php\/psicoterapia-infantil-juvenil\/","title":{"rendered":"Psicoterapia infantil\/juvenil"},"content":{"rendered":"\t\t<div data-elementor-type=\"wp-page\" data-elementor-id=\"254\" class=\"elementor elementor-254\">\n\t\t\t\t\t\t<section class=\"elementor-section elementor-top-section elementor-element elementor-element-14b9185 elementor-section-boxed elementor-section-height-default elementor-section-height-default\" data-id=\"14b9185\" data-element_type=\"section\">\n\t\t\t\t\t\t<div class=\"elementor-container elementor-column-gap-default\">\n\t\t\t\t\t<div class=\"elementor-column elementor-col-100 elementor-top-column elementor-element elementor-element-cf6b5d2\" data-id=\"cf6b5d2\" data-element_type=\"column\">\n\t\t\t<div class=\"elementor-widget-wrap elementor-element-populated\">\n\t\t\t\t\t\t<div class=\"elementor-element elementor-element-61e25f7 elementor-widget elementor-widget-heading\" data-id=\"61e25f7\" data-element_type=\"widget\" data-widget_type=\"heading.default\">\n\t\t\t\t<div class=\"elementor-widget-container\">\n\t\t\t<h2 class=\"elementor-heading-title elementor-size-default\">Psicoterapia infanto-juvenil<\/h2>\t\t<\/div>\n\t\t\t\t<\/div>\n\t\t\t\t\t<\/div>\n\t\t<\/div>\n\t\t\t\t\t<\/div>\n\t\t<\/section>\n\t\t\t\t<section class=\"elementor-section elementor-top-section elementor-element elementor-element-725727e elementor-section-boxed elementor-section-height-default elementor-section-height-default\" data-id=\"725727e\" data-element_type=\"section\">\n\t\t\t\t\t\t<div class=\"elementor-container elementor-column-gap-default\">\n\t\t\t\t\t<div class=\"elementor-column elementor-col-100 elementor-top-column elementor-element elementor-element-ef861a5\" data-id=\"ef861a5\" data-element_type=\"column\">\n\t\t\t<div class=\"elementor-widget-wrap elementor-element-populated\">\n\t\t\t\t\t\t<div class=\"elementor-element elementor-element-e81c9e0 elementor-widget elementor-widget-ucaddon_separator_divider\" data-id=\"e81c9e0\" data-element_type=\"widget\" data-widget_type=\"ucaddon_separator_divider.default\">\n\t\t\t\t<div class=\"elementor-widget-container\">\n\t\t\t\n<!-- start Unlimited Separator Divider -->\n<style>\/* widget: Unlimited Separator Divider *\/\n\n#uc_separator_divider_elementor_e81c9e0 svg\n{\n  width:100%;\n}\n\n<\/style>\n\n<div id=\"uc_separator_divider_elementor_e81c9e0\" class=\"separator_divider\">   \n  \n\t\n  \n  \n  \n   \n  \n  \n\n    \n    \n  \n    \n  \n<svg version=\"1.1\" xmlns=\"http:\/\/www.w3.org\/2000\/svg\" x=\"0\" y=\"0\" viewBox=\"0 0 66.5 5.5\" xml:space=\"preserve\">\n\n  <path class=\"st0\" d=\"M28.6 2.7l4.8 2.8 4.7-2.8L33.4 0zM63.6 3.6l2.9-.9-2.9-.9-2.2.7H50.5L48 1l-2.9 1.7L42.2 1l-3 1.7 3 1.7 2.9-1.7L48 4.4 50.5 3h10.9zM21.6 2.7L18.7 1l-2.5 1.5H5.1L3 1.8l-3 .9 3 .9L5.1 3h11.1l2.5 1.4 2.9-1.7 3 1.7 2.9-1.7L24.6 1z\"\/>\n<\/svg>\n    \n  \n    \n    \n    \n    \n  \n<\/div>\n<!-- end Unlimited Separator Divider -->\t\t<\/div>\n\t\t\t\t<\/div>\n\t\t\t\t\t<\/div>\n\t\t<\/div>\n\t\t\t\t\t<\/div>\n\t\t<\/section>\n\t\t\t\t<section class=\"elementor-section elementor-top-section elementor-element elementor-element-9d49c92 elementor-section-boxed elementor-section-height-default elementor-section-height-default\" data-id=\"9d49c92\" data-element_type=\"section\">\n\t\t\t\t\t\t<div class=\"elementor-container elementor-column-gap-default\">\n\t\t\t\t\t<div class=\"elementor-column elementor-col-100 elementor-top-column elementor-element elementor-element-b9ac05d\" data-id=\"b9ac05d\" data-element_type=\"column\">\n\t\t\t<div class=\"elementor-widget-wrap elementor-element-populated\">\n\t\t\t\t\t\t<div class=\"elementor-element elementor-element-85bbf2c elementor-widget elementor-widget-text-editor\" data-id=\"85bbf2c\" data-element_type=\"widget\" data-widget_type=\"text-editor.default\">\n\t\t\t\t<div class=\"elementor-widget-container\">\n\t\t\t\t\t\t\t<p>Al igual que la medicina es aplicable a personas de todas las edades, la psicoterapia es recomendada tambi\u00e9n para el tratamiento de ni\u00f1os y adolescentes e incluso se realizan intervenciones en edades preescolares a trav\u00e9s de la estimulaci\u00f3n temprana para favorecer el correcto desarrollo del infante.Cabe resaltar, volviendo a la analog\u00eda con la medicina, que las pruebas y procedimientos aplicados cambian de acuerdo a la edad. Por ejemplo: no se recetan los mismos medicamentos a un adulto que a un ni\u00f1o, aunque padezcan la misma enfermedad, siendo necesario aplicar principios activos distintos o bien distintas dosis terap\u00e9uticas. De igual forma, <strong>las t\u00e9cnicas psicoterap\u00e9uticas utilizadas con ni\u00f1os y adolescentes se adaptan en forma y fondo a sus caracter\u00edsticas y estadios del desarrollo.<\/strong><\/p><p>Si bien los objetivos de bienestar que busca la psicoterapia con ni\u00f1os y adolescentes son similares a los trabajados con adultos; se respeta la individualidad del paciente a la vez que se da importancia a la influencia de su medio, esto es, su c\u00edrculo primario de apoyo (familia), \u00e1mbito educativo y relaci\u00f3n con sus pares.<\/p><p>A diferencia de la psicoterapia para adultos, requerimos y aplicamos dos elementos diferenciadores:<\/p>\t\t\t\t\t\t<\/div>\n\t\t\t\t<\/div>\n\t\t\t\t\t<\/div>\n\t\t<\/div>\n\t\t\t\t\t<\/div>\n\t\t<\/section>\n\t\t\t\t<section class=\"elementor-section elementor-top-section elementor-element elementor-element-fd60423 elementor-section-boxed elementor-section-height-default elementor-section-height-default\" data-id=\"fd60423\" data-element_type=\"section\" data-settings=\"{&quot;background_background&quot;:&quot;classic&quot;}\">\n\t\t\t\t\t\t<div class=\"elementor-container elementor-column-gap-default\">\n\t\t\t\t\t<div class=\"elementor-column elementor-col-50 elementor-top-column elementor-element elementor-element-531a0a2\" data-id=\"531a0a2\" data-element_type=\"column\">\n\t\t\t<div class=\"elementor-widget-wrap elementor-element-populated\">\n\t\t\t\t\t\t<div class=\"elementor-element elementor-element-1857a74 elementor-drop-cap-yes elementor-drop-cap-view-default elementor-widget elementor-widget-text-editor\" data-id=\"1857a74\" data-element_type=\"widget\" data-settings=\"{&quot;drop_cap&quot;:&quot;yes&quot;}\" data-widget_type=\"text-editor.default\">\n\t\t\t\t<div class=\"elementor-widget-container\">\n\t\t\t\t\t\t\t<p><strong>Implicaci\u00f3n de los cuidadores:<\/strong><\/p><p>En los procesos de psicoterapia infantojuvenil, aunado al proceso de psicoterapia individual del menor, deben estar involucrados los cuidadores responsables, es decir, sus padres, tutores u otras personas que sean directamente sus responsables. \u00c9stos <strong>participan de sesiones psicoterap\u00e9uticas<\/strong> en diferentes momentos del proceso <strong>para facilitar el cambio<\/strong>.<\/p><p>En la medida de las posibilidades y si el caso lo amerita, se guarda comunicaci\u00f3n con encargados en el \u00e1mbito educativo para sumar factores que influyan positivamente en el tratamiento.<\/p>\t\t\t\t\t\t<\/div>\n\t\t\t\t<\/div>\n\t\t\t\t\t<\/div>\n\t\t<\/div>\n\t\t\t\t<div class=\"elementor-column elementor-col-50 elementor-top-column elementor-element elementor-element-ed49888\" data-id=\"ed49888\" data-element_type=\"column\">\n\t\t\t<div class=\"elementor-widget-wrap elementor-element-populated\">\n\t\t\t\t\t\t<div class=\"elementor-element elementor-element-28229bd elementor-widget elementor-widget-image-carousel\" data-id=\"28229bd\" data-element_type=\"widget\" data-settings=\"{&quot;slides_to_show&quot;:&quot;1&quot;,&quot;navigation&quot;:&quot;none&quot;,&quot;effect&quot;:&quot;fade&quot;,&quot;autoplay&quot;:&quot;yes&quot;,&quot;pause_on_hover&quot;:&quot;yes&quot;,&quot;pause_on_interaction&quot;:&quot;yes&quot;,&quot;autoplay_speed&quot;:5000,&quot;infinite&quot;:&quot;yes&quot;,&quot;speed&quot;:500}\" data-widget_type=\"image-carousel.default\">\n\t\t\t\t<div class=\"elementor-widget-container\">\n\t\t\t\t\t<div class=\"elementor-image-carousel-wrapper swiper\" dir=\"ltr\">\n\t\t\t<div class=\"elementor-image-carousel swiper-wrapper swiper-image-stretch\" aria-live=\"off\">\n\t\t\t\t\t\t\t\t<div class=\"swiper-slide\" role=\"group\" aria-roledescription=\"slide\" aria-label=\"1 de 3\"><figure class=\"swiper-slide-inner\"><img decoding=\"async\" class=\"swiper-slide-image\" src=\"https:\/\/psicosalusgt.com\/wp-content\/uploads\/2022\/02\/pexels-pavel-danilyuk-8204971-768x513.jpg\" alt=\"pexels-pavel-danilyuk-8204971\" \/><\/figure><\/div><div class=\"swiper-slide\" role=\"group\" aria-roledescription=\"slide\" aria-label=\"2 de 3\"><figure class=\"swiper-slide-inner\"><img decoding=\"async\" class=\"swiper-slide-image\" src=\"https:\/\/psicosalusgt.com\/wp-content\/uploads\/2022\/02\/pexels-julia-m-cameron-4145354-768x513.jpg\" alt=\"pexels-julia-m-cameron-4145354\" \/><\/figure><\/div><div class=\"swiper-slide\" role=\"group\" aria-roledescription=\"slide\" aria-label=\"3 de 3\"><figure class=\"swiper-slide-inner\"><img decoding=\"async\" class=\"swiper-slide-image\" src=\"https:\/\/psicosalusgt.com\/wp-content\/uploads\/2022\/02\/pexels-marcus-aurelius-6787953-768x512.jpg\" alt=\"pexels-marcus-aurelius-6787953\" \/><\/figure><\/div>\t\t\t<\/div>\n\t\t\t\t\t\t\t\n\t\t\t\t\t\t\t\t\t<\/div>\n\t\t\t\t<\/div>\n\t\t\t\t<\/div>\n\t\t\t\t\t<\/div>\n\t\t<\/div>\n\t\t\t\t\t<\/div>\n\t\t<\/section>\n\t\t\t\t<section class=\"elementor-section elementor-top-section elementor-element elementor-element-abd9b6b elementor-section-boxed elementor-section-height-default elementor-section-height-default\" data-id=\"abd9b6b\" data-element_type=\"section\">\n\t\t\t\t\t\t<div class=\"elementor-container elementor-column-gap-default\">\n\t\t\t\t\t<div class=\"elementor-column elementor-col-50 elementor-top-column elementor-element elementor-element-9fb0c7b\" data-id=\"9fb0c7b\" data-element_type=\"column\">\n\t\t\t<div class=\"elementor-widget-wrap elementor-element-populated\">\n\t\t\t\t\t\t<div class=\"elementor-element elementor-element-a2a8ea3 elementor-widget elementor-widget-image-carousel\" data-id=\"a2a8ea3\" data-element_type=\"widget\" data-settings=\"{&quot;slides_to_show&quot;:&quot;1&quot;,&quot;navigation&quot;:&quot;none&quot;,&quot;effect&quot;:&quot;fade&quot;,&quot;autoplay&quot;:&quot;yes&quot;,&quot;pause_on_hover&quot;:&quot;yes&quot;,&quot;pause_on_interaction&quot;:&quot;yes&quot;,&quot;autoplay_speed&quot;:5000,&quot;infinite&quot;:&quot;yes&quot;,&quot;speed&quot;:500}\" data-widget_type=\"image-carousel.default\">\n\t\t\t\t<div class=\"elementor-widget-container\">\n\t\t\t\t\t<div class=\"elementor-image-carousel-wrapper swiper\" dir=\"ltr\">\n\t\t\t<div class=\"elementor-image-carousel swiper-wrapper swiper-image-stretch\" aria-live=\"off\">\n\t\t\t\t\t\t\t\t<div class=\"swiper-slide\" role=\"group\" aria-roledescription=\"slide\" aria-label=\"1 de 4\"><figure class=\"swiper-slide-inner\"><img decoding=\"async\" class=\"swiper-slide-image\" src=\"https:\/\/psicosalusgt.com\/wp-content\/uploads\/2022\/02\/pexels-cottonbro-4100661-768x512.jpg\" alt=\"pexels-cottonbro-4100661\" \/><\/figure><\/div><div class=\"swiper-slide\" role=\"group\" aria-roledescription=\"slide\" aria-label=\"2 de 4\"><figure class=\"swiper-slide-inner\"><img decoding=\"async\" class=\"swiper-slide-image\" src=\"https:\/\/psicosalusgt.com\/wp-content\/uploads\/2022\/02\/pexels-sharon-mccutcheon-1148998-1-768x512.jpg\" alt=\"pexels-sharon-mccutcheon-1148998\" \/><\/figure><\/div><div class=\"swiper-slide\" role=\"group\" aria-roledescription=\"slide\" aria-label=\"3 de 4\"><figure class=\"swiper-slide-inner\"><img decoding=\"async\" class=\"swiper-slide-image\" src=\"https:\/\/psicosalusgt.com\/wp-content\/uploads\/2022\/02\/pexels-karolina-grabowska-6954974-768x512.jpg\" alt=\"pexels-karolina-grabowska-6954974\" \/><\/figure><\/div><div class=\"swiper-slide\" role=\"group\" aria-roledescription=\"slide\" aria-label=\"4 de 4\"><figure class=\"swiper-slide-inner\"><img decoding=\"async\" class=\"swiper-slide-image\" src=\"https:\/\/psicosalusgt.com\/wp-content\/uploads\/2022\/02\/pexels-karolina-grabowska-5877661-768x512.jpg\" alt=\"pexels-karolina-grabowska-5877661\" \/><\/figure><\/div>\t\t\t<\/div>\n\t\t\t\t\t\t\t\n\t\t\t\t\t\t\t\t\t<\/div>\n\t\t\t\t<\/div>\n\t\t\t\t<\/div>\n\t\t\t\t\t<\/div>\n\t\t<\/div>\n\t\t\t\t<div class=\"elementor-column elementor-col-50 elementor-top-column elementor-element elementor-element-7346e65\" data-id=\"7346e65\" data-element_type=\"column\">\n\t\t\t<div class=\"elementor-widget-wrap elementor-element-populated\">\n\t\t\t\t\t\t<div class=\"elementor-element elementor-element-c4704de elementor-drop-cap-yes elementor-drop-cap-view-default elementor-widget elementor-widget-text-editor\" data-id=\"c4704de\" data-element_type=\"widget\" data-settings=\"{&quot;drop_cap&quot;:&quot;yes&quot;}\" data-widget_type=\"text-editor.default\">\n\t\t\t\t<div class=\"elementor-widget-container\">\n\t\t\t\t\t\t\t<p><strong>Psicoterapia l\u00fadica:<\/strong><\/p><p>Los ni\u00f1os poseen caracter\u00edsticas distintas a los adultos en cuanto a su forma de interpretar el mundo, su capacidad atencional y su forma de comunicaci\u00f3n, por lo que dif\u00edcilmente veremos a un ni\u00f1o dialogar en calma con un adulto durante 50 minutos. \u00a0Por este motivo,<strong> la psicoterapia se lleva a cabo en un contexto l\u00fadico o de juego<\/strong>, en el que el menor se siente c\u00f3modo y es capaz de expresarse con libertad a trav\u00e9s del juego para abordar sus conflictos.<\/p><p>Por otra parte, respecto a los <strong>adolescentes<\/strong>, se respetan tanto sus tendencias l\u00fadicas como de expresi\u00f3n formal en el di\u00e1logo, estableciendo un <strong>equilibrio<\/strong> en las sesiones que se adec\u00faan a sus necesidades, de forma que se cumplan los objetivos en un <strong>ambiente de confianza, respeto y confidencialidad.<\/strong><\/p>\t\t\t\t\t\t<\/div>\n\t\t\t\t<\/div>\n\t\t\t\t\t<\/div>\n\t\t<\/div>\n\t\t\t\t\t<\/div>\n\t\t<\/section>\n\t\t\t\t<\/div>\n\t\t","protected":false},"excerpt":{"rendered":"<p>Psicoterapia infanto-juvenil Al igual que la medicina es aplicable a personas de todas las edades, la psicoterapia es recomendada tambi\u00e9n para el tratamiento de ni\u00f1os y adolescentes e incluso se realizan intervenciones en edades preescolares a trav\u00e9s de la estimulaci\u00f3n temprana para favorecer el correcto desarrollo del infante.Cabe resaltar, volviendo a la analog\u00eda con la [&hellip;]<\/p>\n","protected":false},"author":1,"featured_media":0,"parent":0,"menu_order":0,"comment_status":"closed","ping_status":"closed","template":"","meta":{"om_disable_all_campaigns":false,"_monsterinsights_skip_tracking":false,"_monsterinsights_sitenote_active":false,"_monsterinsights_sitenote_note":"","_monsterinsights_sitenote_category":0,"site-sidebar-layout":"no-sidebar","site-content-layout":"page-builder","ast-site-content-layout":"","site-content-style":"default","site-sidebar-style":"default","ast-global-header-display":"","ast-banner-title-visibility":"","ast-main-header-display":"","ast-hfb-above-header-display":"","ast-hfb-below-header-display":"","ast-hfb-mobile-header-display":"","site-post-title":"disabled","ast-breadcrumbs-content":"","ast-featured-img":"disabled","footer-sml-layout":"","theme-transparent-header-meta":"default","adv-header-id-meta":"","stick-header-meta":"","header-above-stick-meta":"","header-main-stick-meta":"","header-below-stick-meta":"","astra-migrate-meta-layouts":"default","ast-page-background-enabled":"default","ast-page-background-meta":{"desktop":{"background-color":"var(--ast-global-color-4)","background-image":"","background-repeat":"repeat","background-position":"center center","background-size":"auto","background-attachment":"scroll","background-type":"","background-media":"","overlay-type":"","overlay-color":"","overlay-opacity":"","overlay-gradient":""},"tablet":{"background-color":"","background-image":"","background-repeat":"repeat","background-position":"center center","background-size":"auto","background-attachment":"scroll","background-type":"","background-media":"","overlay-type":"","overlay-color":"","overlay-opacity":"","overlay-gradient":""},"mobile":{"background-color":"","background-image":"","background-repeat":"repeat","background-position":"center center","background-size":"auto","background-attachment":"scroll","background-type":"","background-media":"","overlay-type":"","overlay-color":"","overlay-opacity":"","overlay-gradient":""}},"ast-content-background-meta":{"desktop":{"background-color":"var(--ast-global-color-5)","background-image":"","background-repeat":"repeat","background-position":"center center","background-size":"auto","background-attachment":"scroll","background-type":"","background-media":"","overlay-type":"","overlay-color":"","overlay-opacity":"","overlay-gradient":""},"tablet":{"background-color":"var(--ast-global-color-5)","background-image":"","background-repeat":"repeat","background-position":"center center","background-size":"auto","background-attachment":"scroll","background-type":"","background-media":"","overlay-type":"","overlay-color":"","overlay-opacity":"","overlay-gradient":""},"mobile":{"background-color":"var(--ast-global-color-5)","background-image":"","background-repeat":"repeat","background-position":"center center","background-size":"auto","background-attachment":"scroll","background-type":"","background-media":"","overlay-type":"","overlay-color":"","overlay-opacity":"","overlay-gradient":""}},"footnotes":""},"class_list":["post-254","page","type-page","status-publish","hentry"],"aioseo_notices":[],"_links":{"self":[{"href":"https:\/\/psicosalusgt.com\/index.php\/wp-json\/wp\/v2\/pages\/254","targetHints":{"allow":["GET"]}}],"collection":[{"href":"https:\/\/psicosalusgt.com\/index.php\/wp-json\/wp\/v2\/pages"}],"about":[{"href":"https:\/\/psicosalusgt.com\/index.php\/wp-json\/wp\/v2\/types\/page"}],"author":[{"embeddable":true,"href":"https:\/\/psicosalusgt.com\/index.php\/wp-json\/wp\/v2\/users\/1"}],"replies":[{"embeddable":true,"href":"https:\/\/psicosalusgt.com\/index.php\/wp-json\/wp\/v2\/comments?post=254"}],"version-history":[{"count":7,"href":"https:\/\/psicosalusgt.com\/index.php\/wp-json\/wp\/v2\/pages\/254\/revisions"}],"predecessor-version":[{"id":356,"href":"https:\/\/psicosalusgt.com\/index.php\/wp-json\/wp\/v2\/pages\/254\/revisions\/356"}],"wp:attachment":[{"href":"https:\/\/psicosalusgt.com\/index.php\/wp-json\/wp\/v2\/media?parent=254"}],"curies":[{"name":"wp","href":"https:\/\/api.w.org\/{rel}","templated":true}]}}