{"id":258,"date":"2022-01-18T16:01:15","date_gmt":"2022-01-18T16:01:15","guid":{"rendered":"http:\/\/psicosalusgt.com\/?page_id=258"},"modified":"2022-02-01T22:31:59","modified_gmt":"2022-02-01T22:31:59","slug":"conferencias-talleres","status":"publish","type":"page","link":"https:\/\/psicosalusgt.com\/index.php\/conferencias-talleres\/","title":{"rendered":"Conferencias \/ Talleres"},"content":{"rendered":"\t\t<div data-elementor-type=\"wp-page\" data-elementor-id=\"258\" class=\"elementor elementor-258\">\n\t\t\t\t\t\t<section class=\"elementor-section elementor-top-section elementor-element elementor-element-02a17cf elementor-section-boxed elementor-section-height-default elementor-section-height-default\" data-id=\"02a17cf\" data-element_type=\"section\">\n\t\t\t\t\t\t<div class=\"elementor-container elementor-column-gap-default\">\n\t\t\t\t\t<div class=\"elementor-column elementor-col-100 elementor-top-column elementor-element elementor-element-fff3869\" data-id=\"fff3869\" data-element_type=\"column\">\n\t\t\t<div class=\"elementor-widget-wrap elementor-element-populated\">\n\t\t\t\t\t\t<div class=\"elementor-element elementor-element-dc7af6b elementor-widget elementor-widget-heading\" data-id=\"dc7af6b\" data-element_type=\"widget\" data-widget_type=\"heading.default\">\n\t\t\t\t<div class=\"elementor-widget-container\">\n\t\t\t<h2 class=\"elementor-heading-title elementor-size-default\">Webinar, conferencias y talleres<\/h2>\t\t<\/div>\n\t\t\t\t<\/div>\n\t\t\t\t\t<\/div>\n\t\t<\/div>\n\t\t\t\t\t<\/div>\n\t\t<\/section>\n\t\t\t\t<section class=\"elementor-section elementor-top-section elementor-element elementor-element-0380587 elementor-section-boxed elementor-section-height-default elementor-section-height-default\" data-id=\"0380587\" data-element_type=\"section\">\n\t\t\t\t\t\t<div class=\"elementor-container elementor-column-gap-default\">\n\t\t\t\t\t<div class=\"elementor-column elementor-col-100 elementor-top-column elementor-element elementor-element-0614e9b\" data-id=\"0614e9b\" data-element_type=\"column\">\n\t\t\t<div class=\"elementor-widget-wrap elementor-element-populated\">\n\t\t\t\t\t\t<div class=\"elementor-element elementor-element-96926d2 elementor-widget elementor-widget-ucaddon_separator_divider\" data-id=\"96926d2\" data-element_type=\"widget\" data-widget_type=\"ucaddon_separator_divider.default\">\n\t\t\t\t<div class=\"elementor-widget-container\">\n\t\t\t\n<!-- start Unlimited Separator Divider -->\n<style>\/* widget: Unlimited Separator Divider *\/\n\n#uc_separator_divider_elementor_96926d2 svg\n{\n  width:100%;\n}\n\n<\/style>\n\n<div id=\"uc_separator_divider_elementor_96926d2\" class=\"separator_divider\">   \n  \n\t\n  \n  \n  \n   \n  \n  \n\n    \n    \n  \n    \n  \n<svg version=\"1.1\" xmlns=\"http:\/\/www.w3.org\/2000\/svg\" x=\"0\" y=\"0\" viewBox=\"0 0 66.5 5.5\" xml:space=\"preserve\">\n\n  <path class=\"st0\" d=\"M28.6 2.7l4.8 2.8 4.7-2.8L33.4 0zM63.6 3.6l2.9-.9-2.9-.9-2.2.7H50.5L48 1l-2.9 1.7L42.2 1l-3 1.7 3 1.7 2.9-1.7L48 4.4 50.5 3h10.9zM21.6 2.7L18.7 1l-2.5 1.5H5.1L3 1.8l-3 .9 3 .9L5.1 3h11.1l2.5 1.4 2.9-1.7 3 1.7 2.9-1.7L24.6 1z\"\/>\n<\/svg>\n    \n  \n    \n    \n    \n    \n  \n<\/div>\n<!-- end Unlimited Separator Divider -->\t\t<\/div>\n\t\t\t\t<\/div>\n\t\t\t\t\t<\/div>\n\t\t<\/div>\n\t\t\t\t\t<\/div>\n\t\t<\/section>\n\t\t\t\t<section class=\"elementor-section elementor-top-section elementor-element elementor-element-0ea8cb3 elementor-section-boxed elementor-section-height-default elementor-section-height-default\" data-id=\"0ea8cb3\" data-element_type=\"section\">\n\t\t\t\t\t\t<div class=\"elementor-container elementor-column-gap-default\">\n\t\t\t\t\t<div class=\"elementor-column elementor-col-100 elementor-top-column elementor-element elementor-element-4f7a2ba\" data-id=\"4f7a2ba\" data-element_type=\"column\">\n\t\t\t<div class=\"elementor-widget-wrap elementor-element-populated\">\n\t\t\t\t\t\t<div class=\"elementor-element elementor-element-8254fc7 elementor-widget elementor-widget-text-editor\" data-id=\"8254fc7\" data-element_type=\"widget\" data-widget_type=\"text-editor.default\">\n\t\t\t\t<div class=\"elementor-widget-container\">\n\t\t\t\t\t\t\t<p>Ofrecemos a centros educativos, empresas y organizaciones servicios profesionales en realizaci\u00f3n de actividades psicoeducativas a trav\u00e9s de\u00a0 webinar, conferencias y\/o talleres ajustados a sus necesidades. Escr\u00edbenos y cu\u00e9ntanos que es lo que necesitas.<\/p><p>Algunos ejemplos de temas a abordar son:<\/p>\t\t\t\t\t\t<\/div>\n\t\t\t\t<\/div>\n\t\t\t\t\t<\/div>\n\t\t<\/div>\n\t\t\t\t\t<\/div>\n\t\t<\/section>\n\t\t\t\t<section class=\"elementor-section elementor-top-section elementor-element elementor-element-ad6c3d3 elementor-section-boxed elementor-section-height-default elementor-section-height-default\" data-id=\"ad6c3d3\" data-element_type=\"section\">\n\t\t\t\t\t\t<div class=\"elementor-container elementor-column-gap-default\">\n\t\t\t\t\t<div class=\"elementor-column elementor-col-100 elementor-top-column elementor-element elementor-element-d28e7d5\" data-id=\"d28e7d5\" data-element_type=\"column\">\n\t\t\t<div class=\"elementor-widget-wrap elementor-element-populated\">\n\t\t\t\t\t\t<div class=\"elementor-element elementor-element-b7e84f9 elementor-widget elementor-widget-text-editor\" data-id=\"b7e84f9\" data-element_type=\"widget\" data-widget_type=\"text-editor.default\">\n\t\t\t\t<div class=\"elementor-widget-container\">\n\t\t\t\t\t\t\t<ul><li>Primeros Auxilios Psicol\u00f3gicos (PAP)<\/li><li>Autoconocimiento, autogesti\u00f3n y responsabilidad personal<\/li><li>Sinergia en equipos de trabajo<\/li><li>Inteligencia emocional<\/li><li>H\u00e1bitos de Higiene Mental<\/li><li>Trastornos Alimenticios<\/li><li>Uso responsable de redes sociales<\/li><li>Escuela para padres<\/li><li>Educaci\u00f3n para la paz<\/li><li>Prevenci\u00f3n de la violencia<\/li><li>Enfoque de g\u00e9nero<\/li><li>Resiliencia y el estoicismo moderno, etc.<\/li><\/ul>\t\t\t\t\t\t<\/div>\n\t\t\t\t<\/div>\n\t\t\t\t\t<\/div>\n\t\t<\/div>\n\t\t\t\t\t<\/div>\n\t\t<\/section>\n\t\t\t\t<section class=\"elementor-section elementor-top-section elementor-element elementor-element-855e8d3 elementor-section-boxed elementor-section-height-default elementor-section-height-default\" data-id=\"855e8d3\" data-element_type=\"section\">\n\t\t\t\t\t\t<div class=\"elementor-container elementor-column-gap-default\">\n\t\t\t\t\t<div class=\"elementor-column elementor-col-100 elementor-top-column elementor-element elementor-element-b898d01\" data-id=\"b898d01\" data-element_type=\"column\">\n\t\t\t<div class=\"elementor-widget-wrap elementor-element-populated\">\n\t\t\t\t\t\t<div class=\"elementor-element elementor-element-e7b90c4 elementor-widget elementor-widget-image-carousel\" data-id=\"e7b90c4\" data-element_type=\"widget\" data-settings=\"{&quot;slides_to_show&quot;:&quot;2&quot;,&quot;navigation&quot;:&quot;none&quot;,&quot;autoplay&quot;:&quot;yes&quot;,&quot;pause_on_hover&quot;:&quot;yes&quot;,&quot;pause_on_interaction&quot;:&quot;yes&quot;,&quot;autoplay_speed&quot;:5000,&quot;infinite&quot;:&quot;yes&quot;,&quot;speed&quot;:500}\" data-widget_type=\"image-carousel.default\">\n\t\t\t\t<div class=\"elementor-widget-container\">\n\t\t\t\t\t<div class=\"elementor-image-carousel-wrapper swiper\" dir=\"ltr\">\n\t\t\t<div class=\"elementor-image-carousel swiper-wrapper swiper-image-stretch\" aria-live=\"off\">\n\t\t\t\t\t\t\t\t<div class=\"swiper-slide\" role=\"group\" aria-roledescription=\"slide\" aria-label=\"1 de 3\"><figure class=\"swiper-slide-inner\"><img decoding=\"async\" class=\"swiper-slide-image\" src=\"https:\/\/psicosalusgt.com\/wp-content\/uploads\/2022\/02\/pexels-pavel-danilyuk-8761653-1024x684.jpg\" alt=\"pexels-pavel-danilyuk-8761653\" \/><\/figure><\/div><div class=\"swiper-slide\" role=\"group\" aria-roledescription=\"slide\" aria-label=\"2 de 3\"><figure class=\"swiper-slide-inner\"><img decoding=\"async\" class=\"swiper-slide-image\" src=\"https:\/\/psicosalusgt.com\/wp-content\/uploads\/2022\/02\/pexels-ono-kosuki-5999812-1024x683.jpg\" alt=\"pexels-ono-kosuki-5999812\" \/><\/figure><\/div><div class=\"swiper-slide\" role=\"group\" aria-roledescription=\"slide\" aria-label=\"3 de 3\"><figure class=\"swiper-slide-inner\"><img decoding=\"async\" class=\"swiper-slide-image\" src=\"https:\/\/psicosalusgt.com\/wp-content\/uploads\/2022\/02\/pexels-diva-plavalaguna-6150527-1024x683.jpg\" alt=\"pexels-diva-plavalaguna-6150527\" \/><\/figure><\/div>\t\t\t<\/div>\n\t\t\t\t\t\t\t\n\t\t\t\t\t\t\t\t\t<\/div>\n\t\t\t\t<\/div>\n\t\t\t\t<\/div>\n\t\t\t\t\t<\/div>\n\t\t<\/div>\n\t\t\t\t\t<\/div>\n\t\t<\/section>\n\t\t\t\t<section class=\"elementor-section elementor-top-section elementor-element elementor-element-7c62697 elementor-section-boxed elementor-section-height-default elementor-section-height-default\" data-id=\"7c62697\" data-element_type=\"section\">\n\t\t\t\t\t\t<div class=\"elementor-container elementor-column-gap-default\">\n\t\t\t\t\t<div class=\"elementor-column elementor-col-100 elementor-top-column elementor-element elementor-element-dfefd6c\" data-id=\"dfefd6c\" data-element_type=\"column\">\n\t\t\t<div class=\"elementor-widget-wrap elementor-element-populated\">\n\t\t\t\t\t\t<div class=\"elementor-element elementor-element-b4ae467 elementor-align-center elementor-widget elementor-widget-button\" data-id=\"b4ae467\" data-element_type=\"widget\" data-widget_type=\"button.default\">\n\t\t\t\t<div class=\"elementor-widget-container\">\n\t\t\t\t\t\t\t<div class=\"elementor-button-wrapper\">\n\t\t\t\t\t<a class=\"elementor-button elementor-button-link elementor-size-md\" href=\"https:\/\/psicosalusgt.com\/index.php\/contacto\/\">\n\t\t\t\t\t\t<span class=\"elementor-button-content-wrapper\">\n\t\t\t\t\t\t<span class=\"elementor-button-icon\">\n\t\t\t\t<i aria-hidden=\"true\" class=\"fas fa-info-circle\"><\/i>\t\t\t<\/span>\n\t\t\t\t\t\t\t\t\t<span class=\"elementor-button-text\">Solicita tu cotizaci\u00f3n a medida<\/span>\n\t\t\t\t\t<\/span>\n\t\t\t\t\t<\/a>\n\t\t\t\t<\/div>\n\t\t\t\t\t\t<\/div>\n\t\t\t\t<\/div>\n\t\t\t\t\t<\/div>\n\t\t<\/div>\n\t\t\t\t\t<\/div>\n\t\t<\/section>\n\t\t\t\t<\/div>\n\t\t","protected":false},"excerpt":{"rendered":"<p>Webinar, conferencias y talleres Ofrecemos a centros educativos, empresas y organizaciones servicios profesionales en realizaci\u00f3n de actividades psicoeducativas a trav\u00e9s de\u00a0 webinar, conferencias y\/o talleres ajustados a sus necesidades. Escr\u00edbenos y cu\u00e9ntanos que es lo que necesitas. Algunos ejemplos de temas a abordar son: Primeros Auxilios Psicol\u00f3gicos (PAP) Autoconocimiento, autogesti\u00f3n y responsabilidad personal Sinergia en [&hellip;]<\/p>\n","protected":false},"author":1,"featured_media":0,"parent":0,"menu_order":0,"comment_status":"closed","ping_status":"closed","template":"","meta":{"om_disable_all_campaigns":false,"_monsterinsights_skip_tracking":false,"_monsterinsights_sitenote_active":false,"_monsterinsights_sitenote_note":"","_monsterinsights_sitenote_category":0,"site-sidebar-layout":"no-sidebar","site-content-layout":"page-builder","ast-site-content-layout":"","site-content-style":"default","site-sidebar-style":"default","ast-global-header-display":"","ast-banner-title-visibility":"","ast-main-header-display":"","ast-hfb-above-header-display":"","ast-hfb-below-header-display":"","ast-hfb-mobile-header-display":"","site-post-title":"disabled","ast-breadcrumbs-content":"","ast-featured-img":"disabled","footer-sml-layout":"","theme-transparent-header-meta":"default","adv-header-id-meta":"","stick-header-meta":"","header-above-stick-meta":"","header-main-stick-meta":"","header-below-stick-meta":"","astra-migrate-meta-layouts":"default","ast-page-background-enabled":"default","ast-page-background-meta":{"desktop":{"background-color":"var(--ast-global-color-4)","background-image":"","background-repeat":"repeat","background-position":"center center","background-size":"auto","background-attachment":"scroll","background-type":"","background-media":"","overlay-type":"","overlay-color":"","overlay-opacity":"","overlay-gradient":""},"tablet":{"background-color":"","background-image":"","background-repeat":"repeat","background-position":"center center","background-size":"auto","background-attachment":"scroll","background-type":"","background-media":"","overlay-type":"","overlay-color":"","overlay-opacity":"","overlay-gradient":""},"mobile":{"background-color":"","background-image":"","background-repeat":"repeat","background-position":"center center","background-size":"auto","background-attachment":"scroll","background-type":"","background-media":"","overlay-type":"","overlay-color":"","overlay-opacity":"","overlay-gradient":""}},"ast-content-background-meta":{"desktop":{"background-color":"var(--ast-global-color-5)","background-image":"","background-repeat":"repeat","background-position":"center center","background-size":"auto","background-attachment":"scroll","background-type":"","background-media":"","overlay-type":"","overlay-color":"","overlay-opacity":"","overlay-gradient":""},"tablet":{"background-color":"var(--ast-global-color-5)","background-image":"","background-repeat":"repeat","background-position":"center center","background-size":"auto","background-attachment":"scroll","background-type":"","background-media":"","overlay-type":"","overlay-color":"","overlay-opacity":"","overlay-gradient":""},"mobile":{"background-color":"var(--ast-global-color-5)","background-image":"","background-repeat":"repeat","background-position":"center center","background-size":"auto","background-attachment":"scroll","background-type":"","background-media":"","overlay-type":"","overlay-color":"","overlay-opacity":"","overlay-gradient":""}},"footnotes":""},"class_list":["post-258","page","type-page","status-publish","hentry"],"aioseo_notices":[],"_links":{"self":[{"href":"https:\/\/psicosalusgt.com\/index.php\/wp-json\/wp\/v2\/pages\/258","targetHints":{"allow":["GET"]}}],"collection":[{"href":"https:\/\/psicosalusgt.com\/index.php\/wp-json\/wp\/v2\/pages"}],"about":[{"href":"https:\/\/psicosalusgt.com\/index.php\/wp-json\/wp\/v2\/types\/page"}],"author":[{"embeddable":true,"href":"https:\/\/psicosalusgt.com\/index.php\/wp-json\/wp\/v2\/users\/1"}],"replies":[{"embeddable":true,"href":"https:\/\/psicosalusgt.com\/index.php\/wp-json\/wp\/v2\/comments?post=258"}],"version-history":[{"count":10,"href":"https:\/\/psicosalusgt.com\/index.php\/wp-json\/wp\/v2\/pages\/258\/revisions"}],"predecessor-version":[{"id":364,"href":"https:\/\/psicosalusgt.com\/index.php\/wp-json\/wp\/v2\/pages\/258\/revisions\/364"}],"wp:attachment":[{"href":"https:\/\/psicosalusgt.com\/index.php\/wp-json\/wp\/v2\/media?parent=258"}],"curies":[{"name":"wp","href":"https:\/\/api.w.org\/{rel}","templated":true}]}}