{"id":260,"date":"2022-01-18T16:01:55","date_gmt":"2022-01-18T16:01:55","guid":{"rendered":"http:\/\/psicosalusgt.com\/?page_id=260"},"modified":"2022-02-01T23:18:45","modified_gmt":"2022-02-01T23:18:45","slug":"orientacion-vocacional","status":"publish","type":"page","link":"https:\/\/psicosalusgt.com\/index.php\/orientacion-vocacional\/","title":{"rendered":"Orientaci\u00f3n vocacional"},"content":{"rendered":"\t\t<div data-elementor-type=\"wp-page\" data-elementor-id=\"260\" class=\"elementor elementor-260\">\n\t\t\t\t\t\t<section class=\"elementor-section elementor-top-section elementor-element elementor-element-240fda9 elementor-section-boxed elementor-section-height-default elementor-section-height-default\" data-id=\"240fda9\" data-element_type=\"section\">\n\t\t\t\t\t\t<div class=\"elementor-container elementor-column-gap-default\">\n\t\t\t\t\t<div class=\"elementor-column elementor-col-100 elementor-top-column elementor-element elementor-element-77c0fe0\" data-id=\"77c0fe0\" data-element_type=\"column\">\n\t\t\t<div class=\"elementor-widget-wrap elementor-element-populated\">\n\t\t\t\t\t\t<div class=\"elementor-element elementor-element-c6290f2 elementor-widget elementor-widget-heading\" data-id=\"c6290f2\" data-element_type=\"widget\" data-widget_type=\"heading.default\">\n\t\t\t\t<div class=\"elementor-widget-container\">\n\t\t\t<h2 class=\"elementor-heading-title elementor-size-default\">Orientaci\u00f3n vocacional<\/h2>\t\t<\/div>\n\t\t\t\t<\/div>\n\t\t\t\t\t<\/div>\n\t\t<\/div>\n\t\t\t\t\t<\/div>\n\t\t<\/section>\n\t\t\t\t<section class=\"elementor-section elementor-top-section elementor-element elementor-element-c74d1ce elementor-section-boxed elementor-section-height-default elementor-section-height-default\" data-id=\"c74d1ce\" data-element_type=\"section\">\n\t\t\t\t\t\t<div class=\"elementor-container elementor-column-gap-default\">\n\t\t\t\t\t<div class=\"elementor-column elementor-col-100 elementor-top-column elementor-element elementor-element-67a056c\" data-id=\"67a056c\" data-element_type=\"column\">\n\t\t\t<div class=\"elementor-widget-wrap elementor-element-populated\">\n\t\t\t\t\t\t<div class=\"elementor-element elementor-element-5e14b3f elementor-widget elementor-widget-ucaddon_separator_divider\" data-id=\"5e14b3f\" data-element_type=\"widget\" data-widget_type=\"ucaddon_separator_divider.default\">\n\t\t\t\t<div class=\"elementor-widget-container\">\n\t\t\t\n<!-- start Unlimited Separator Divider -->\n<style>\/* widget: Unlimited Separator Divider *\/\n\n#uc_separator_divider_elementor_5e14b3f svg\n{\n  width:100%;\n}\n\n<\/style>\n\n<div id=\"uc_separator_divider_elementor_5e14b3f\" class=\"separator_divider\">   \n  \n\t\n  \n  \n  \n   \n  \n  \n\n    \n    \n  \n    \n  \n<svg version=\"1.1\" xmlns=\"http:\/\/www.w3.org\/2000\/svg\" x=\"0\" y=\"0\" viewBox=\"0 0 66.5 5.5\" xml:space=\"preserve\">\n\n  <path class=\"st0\" d=\"M28.6 2.7l4.8 2.8 4.7-2.8L33.4 0zM63.6 3.6l2.9-.9-2.9-.9-2.2.7H50.5L48 1l-2.9 1.7L42.2 1l-3 1.7 3 1.7 2.9-1.7L48 4.4 50.5 3h10.9zM21.6 2.7L18.7 1l-2.5 1.5H5.1L3 1.8l-3 .9 3 .9L5.1 3h11.1l2.5 1.4 2.9-1.7 3 1.7 2.9-1.7L24.6 1z\"\/>\n<\/svg>\n    \n  \n    \n    \n    \n    \n  \n<\/div>\n<!-- end Unlimited Separator Divider -->\t\t<\/div>\n\t\t\t\t<\/div>\n\t\t\t\t\t<\/div>\n\t\t<\/div>\n\t\t\t\t\t<\/div>\n\t\t<\/section>\n\t\t\t\t<section class=\"elementor-section elementor-top-section elementor-element elementor-element-55abfcd elementor-section-boxed elementor-section-height-default elementor-section-height-default\" data-id=\"55abfcd\" data-element_type=\"section\">\n\t\t\t\t\t\t<div class=\"elementor-container elementor-column-gap-default\">\n\t\t\t\t\t<div class=\"elementor-column elementor-col-100 elementor-top-column elementor-element elementor-element-2a6858c\" data-id=\"2a6858c\" data-element_type=\"column\">\n\t\t\t<div class=\"elementor-widget-wrap elementor-element-populated\">\n\t\t\t\t\t\t<div class=\"elementor-element elementor-element-1068860 elementor-widget elementor-widget-text-editor\" data-id=\"1068860\" data-element_type=\"widget\" data-widget_type=\"text-editor.default\">\n\t\t\t\t<div class=\"elementor-widget-container\">\n\t\t\t\t\t\t\t<p>La elecci\u00f3n de una profesi\u00f3n parece a primera vista sencilla. De ni\u00f1os parecemos tener claridad y de forma apasionada afirmamos, por ejemplo, querer ser piloto de f\u00f3rmula 1, veterinario, m\u00e9dico o bombero. Con el paso del tiempo la decisi\u00f3n se hace compleja y crece la ansiedad ante la elecci\u00f3n. Esta decisi\u00f3n marca sin duda alguna gran parte de nuestra existencia, puesto que la vida adulta exige responsabilidades, la incorporaci\u00f3n al mundo laboral y social a la vez que se desea la sensaci\u00f3n de logro y realizaci\u00f3n personal. A menudo, la realidad psicosocial choca con la vocaci\u00f3n y la insatisfacci\u00f3n con la necesidad.<\/p><p>El cantautor, poeta, escritor y fil\u00f3sofo argentino Facundo Cabral dej\u00f3 un par de frases que sintetizan el sentir de muchas personas al respecto:<\/p><blockquote><p>\u00abHaz s\u00f3lo lo que amas y ser\u00e1s feliz, y el que hace lo que ama, est\u00e1 benditamente condenado al \u00e9xito\u00bb<\/p><p>\u00abQuien no ama su trabajo, aunque trabaje todo el d\u00eda, es un desocupado.\u00bb<\/p><\/blockquote><p>As\u00ed pues, la elecci\u00f3n de una profesi\u00f3n no debe tomarse a la ligera y conlleva la consideraci\u00f3n de caracter\u00edsticas personales como <strong>creencias, metas, valores, estilos de resolver problemas, an\u00e1lisis contextual de ofertas formativas disponibles y campo laboral.<\/strong> Desde la psicolog\u00eda, pueden realizarse procesos de orientaci\u00f3n vocacional con el apoyo de pruebas psicom\u00e9tricas, entrevistas, investigaci\u00f3n y psicoeducaci\u00f3n.<\/p><p>Ofrecemos a centros educativos, empresas que contemplan planes de profesionalizaci\u00f3n para colaboradores y particulares interesados en general, <strong>servicios en orientaci\u00f3n vocacional para favorecer la toma de una decisi\u00f3n responsable, coherente y realista.<\/strong><\/p>\t\t\t\t\t\t<\/div>\n\t\t\t\t<\/div>\n\t\t\t\t\t<\/div>\n\t\t<\/div>\n\t\t\t\t\t<\/div>\n\t\t<\/section>\n\t\t\t\t<section class=\"elementor-section elementor-top-section elementor-element elementor-element-015f774 elementor-section-boxed elementor-section-height-default elementor-section-height-default\" data-id=\"015f774\" data-element_type=\"section\">\n\t\t\t\t\t\t<div class=\"elementor-container elementor-column-gap-default\">\n\t\t\t\t\t<div class=\"elementor-column elementor-col-100 elementor-top-column elementor-element elementor-element-2fcb944\" data-id=\"2fcb944\" data-element_type=\"column\">\n\t\t\t<div class=\"elementor-widget-wrap elementor-element-populated\">\n\t\t\t\t\t\t<div class=\"elementor-element elementor-element-2693701 elementor-widget elementor-widget-image-carousel\" data-id=\"2693701\" data-element_type=\"widget\" data-settings=\"{&quot;navigation&quot;:&quot;none&quot;,&quot;autoplay&quot;:&quot;yes&quot;,&quot;pause_on_hover&quot;:&quot;yes&quot;,&quot;pause_on_interaction&quot;:&quot;yes&quot;,&quot;autoplay_speed&quot;:5000,&quot;infinite&quot;:&quot;yes&quot;,&quot;speed&quot;:500}\" data-widget_type=\"image-carousel.default\">\n\t\t\t\t<div class=\"elementor-widget-container\">\n\t\t\t\t\t<div class=\"elementor-image-carousel-wrapper swiper\" dir=\"ltr\">\n\t\t\t<div class=\"elementor-image-carousel swiper-wrapper swiper-image-stretch\" aria-live=\"off\">\n\t\t\t\t\t\t\t\t<div class=\"swiper-slide\" role=\"group\" aria-roledescription=\"slide\" aria-label=\"1 de 5\"><figure class=\"swiper-slide-inner\"><img decoding=\"async\" class=\"swiper-slide-image\" src=\"https:\/\/psicosalusgt.com\/wp-content\/uploads\/2022\/02\/pexels-cottonbro-4855451-768x1152.jpg\" alt=\"pexels-cottonbro-4855451\" \/><\/figure><\/div><div class=\"swiper-slide\" role=\"group\" aria-roledescription=\"slide\" aria-label=\"2 de 5\"><figure class=\"swiper-slide-inner\"><img decoding=\"async\" class=\"swiper-slide-image\" src=\"https:\/\/psicosalusgt.com\/wp-content\/uploads\/2022\/02\/pexels-cottonbro-4252137-768x1152.jpg\" alt=\"pexels-cottonbro-4252137\" \/><\/figure><\/div><div class=\"swiper-slide\" role=\"group\" aria-roledescription=\"slide\" aria-label=\"3 de 5\"><figure class=\"swiper-slide-inner\"><img decoding=\"async\" class=\"swiper-slide-image\" src=\"https:\/\/psicosalusgt.com\/wp-content\/uploads\/2022\/02\/pexels-wayne-fotografias-9879937-768x1152.jpg\" alt=\"pexels-wayne-fotografias-9879937\" \/><\/figure><\/div><div class=\"swiper-slide\" role=\"group\" aria-roledescription=\"slide\" aria-label=\"4 de 5\"><figure class=\"swiper-slide-inner\"><img decoding=\"async\" class=\"swiper-slide-image\" src=\"https:\/\/psicosalusgt.com\/wp-content\/uploads\/2022\/02\/pexels-thisisengineering-3861959-768x1151.jpg\" alt=\"pexels-thisisengineering-3861959\" \/><\/figure><\/div><div class=\"swiper-slide\" role=\"group\" aria-roledescription=\"slide\" aria-label=\"5 de 5\"><figure class=\"swiper-slide-inner\"><img decoding=\"async\" class=\"swiper-slide-image\" src=\"https:\/\/psicosalusgt.com\/wp-content\/uploads\/2022\/02\/pexels-mikhail-nilov-8942559-768x1152.jpg\" alt=\"pexels-mikhail-nilov-8942559\" \/><\/figure><\/div>\t\t\t<\/div>\n\t\t\t\t\t\t\t\n\t\t\t\t\t\t\t\t\t<\/div>\n\t\t\t\t<\/div>\n\t\t\t\t<\/div>\n\t\t\t\t\t<\/div>\n\t\t<\/div>\n\t\t\t\t\t<\/div>\n\t\t<\/section>\n\t\t\t\t<section class=\"elementor-section elementor-top-section elementor-element elementor-element-e081741 elementor-section-boxed elementor-section-height-default elementor-section-height-default\" data-id=\"e081741\" data-element_type=\"section\">\n\t\t\t\t\t\t<div class=\"elementor-container elementor-column-gap-default\">\n\t\t\t\t\t<div class=\"elementor-column elementor-col-100 elementor-top-column elementor-element elementor-element-05ab622\" data-id=\"05ab622\" data-element_type=\"column\">\n\t\t\t<div class=\"elementor-widget-wrap elementor-element-populated\">\n\t\t\t\t\t\t<div class=\"elementor-element elementor-element-f0ddbe2 elementor-align-center elementor-widget elementor-widget-button\" data-id=\"f0ddbe2\" data-element_type=\"widget\" data-widget_type=\"button.default\">\n\t\t\t\t<div class=\"elementor-widget-container\">\n\t\t\t\t\t\t\t<div class=\"elementor-button-wrapper\">\n\t\t\t\t\t<a class=\"elementor-button elementor-button-link elementor-size-sm\" href=\"https:\/\/psicosalusgt.com\/index.php\/contacto\/\">\n\t\t\t\t\t\t<span class=\"elementor-button-content-wrapper\">\n\t\t\t\t\t\t<span class=\"elementor-button-icon\">\n\t\t\t\t<i aria-hidden=\"true\" class=\"fas fa-check-circle\"><\/i>\t\t\t<\/span>\n\t\t\t\t\t\t\t\t\t<span class=\"elementor-button-text\">Solicita tu cotizaci\u00f3n a medida<\/span>\n\t\t\t\t\t<\/span>\n\t\t\t\t\t<\/a>\n\t\t\t\t<\/div>\n\t\t\t\t\t\t<\/div>\n\t\t\t\t<\/div>\n\t\t\t\t\t<\/div>\n\t\t<\/div>\n\t\t\t\t\t<\/div>\n\t\t<\/section>\n\t\t\t\t<\/div>\n\t\t","protected":false},"excerpt":{"rendered":"<p>Orientaci\u00f3n vocacional La elecci\u00f3n de una profesi\u00f3n parece a primera vista sencilla. De ni\u00f1os parecemos tener claridad y de forma apasionada afirmamos, por ejemplo, querer ser piloto de f\u00f3rmula 1, veterinario, m\u00e9dico o bombero. Con el paso del tiempo la decisi\u00f3n se hace compleja y crece la ansiedad ante la elecci\u00f3n. Esta decisi\u00f3n marca sin [&hellip;]<\/p>\n","protected":false},"author":1,"featured_media":0,"parent":0,"menu_order":0,"comment_status":"closed","ping_status":"closed","template":"","meta":{"om_disable_all_campaigns":false,"_monsterinsights_skip_tracking":false,"_monsterinsights_sitenote_active":false,"_monsterinsights_sitenote_note":"","_monsterinsights_sitenote_category":0,"site-sidebar-layout":"no-sidebar","site-content-layout":"page-builder","ast-site-content-layout":"","site-content-style":"default","site-sidebar-style":"default","ast-global-header-display":"","ast-banner-title-visibility":"","ast-main-header-display":"","ast-hfb-above-header-display":"","ast-hfb-below-header-display":"","ast-hfb-mobile-header-display":"","site-post-title":"disabled","ast-breadcrumbs-content":"","ast-featured-img":"disabled","footer-sml-layout":"","theme-transparent-header-meta":"default","adv-header-id-meta":"","stick-header-meta":"","header-above-stick-meta":"","header-main-stick-meta":"","header-below-stick-meta":"","astra-migrate-meta-layouts":"default","ast-page-background-enabled":"default","ast-page-background-meta":{"desktop":{"background-color":"var(--ast-global-color-4)","background-image":"","background-repeat":"repeat","background-position":"center center","background-size":"auto","background-attachment":"scroll","background-type":"","background-media":"","overlay-type":"","overlay-color":"","overlay-opacity":"","overlay-gradient":""},"tablet":{"background-color":"","background-image":"","background-repeat":"repeat","background-position":"center center","background-size":"auto","background-attachment":"scroll","background-type":"","background-media":"","overlay-type":"","overlay-color":"","overlay-opacity":"","overlay-gradient":""},"mobile":{"background-color":"","background-image":"","background-repeat":"repeat","background-position":"center center","background-size":"auto","background-attachment":"scroll","background-type":"","background-media":"","overlay-type":"","overlay-color":"","overlay-opacity":"","overlay-gradient":""}},"ast-content-background-meta":{"desktop":{"background-color":"var(--ast-global-color-5)","background-image":"","background-repeat":"repeat","background-position":"center center","background-size":"auto","background-attachment":"scroll","background-type":"","background-media":"","overlay-type":"","overlay-color":"","overlay-opacity":"","overlay-gradient":""},"tablet":{"background-color":"var(--ast-global-color-5)","background-image":"","background-repeat":"repeat","background-position":"center center","background-size":"auto","background-attachment":"scroll","background-type":"","background-media":"","overlay-type":"","overlay-color":"","overlay-opacity":"","overlay-gradient":""},"mobile":{"background-color":"var(--ast-global-color-5)","background-image":"","background-repeat":"repeat","background-position":"center center","background-size":"auto","background-attachment":"scroll","background-type":"","background-media":"","overlay-type":"","overlay-color":"","overlay-opacity":"","overlay-gradient":""}},"footnotes":""},"class_list":["post-260","page","type-page","status-publish","hentry"],"aioseo_notices":[],"_links":{"self":[{"href":"https:\/\/psicosalusgt.com\/index.php\/wp-json\/wp\/v2\/pages\/260","targetHints":{"allow":["GET"]}}],"collection":[{"href":"https:\/\/psicosalusgt.com\/index.php\/wp-json\/wp\/v2\/pages"}],"about":[{"href":"https:\/\/psicosalusgt.com\/index.php\/wp-json\/wp\/v2\/types\/page"}],"author":[{"embeddable":true,"href":"https:\/\/psicosalusgt.com\/index.php\/wp-json\/wp\/v2\/users\/1"}],"replies":[{"embeddable":true,"href":"https:\/\/psicosalusgt.com\/index.php\/wp-json\/wp\/v2\/comments?post=260"}],"version-history":[{"count":4,"href":"https:\/\/psicosalusgt.com\/index.php\/wp-json\/wp\/v2\/pages\/260\/revisions"}],"predecessor-version":[{"id":374,"href":"https:\/\/psicosalusgt.com\/index.php\/wp-json\/wp\/v2\/pages\/260\/revisions\/374"}],"wp:attachment":[{"href":"https:\/\/psicosalusgt.com\/index.php\/wp-json\/wp\/v2\/media?parent=260"}],"curies":[{"name":"wp","href":"https:\/\/api.w.org\/{rel}","templated":true}]}}