{"id":263,"date":"2022-01-18T16:17:34","date_gmt":"2022-01-18T16:17:34","guid":{"rendered":"http:\/\/psicosalusgt.com\/?page_id=263"},"modified":"2025-07-21T14:59:46","modified_gmt":"2025-07-21T14:59:46","slug":"preguntas-frecuentes","status":"publish","type":"page","link":"https:\/\/psicosalusgt.com\/index.php\/preguntas-frecuentes\/","title":{"rendered":"Preguntas Frecuentes"},"content":{"rendered":"\t\t<div data-elementor-type=\"wp-page\" data-elementor-id=\"263\" class=\"elementor elementor-263\">\n\t\t\t\t\t\t<section class=\"elementor-section elementor-top-section elementor-element elementor-element-a2a173a elementor-section-boxed elementor-section-height-default elementor-section-height-default\" data-id=\"a2a173a\" data-element_type=\"section\">\n\t\t\t\t\t\t<div class=\"elementor-container elementor-column-gap-default\">\n\t\t\t\t\t<div class=\"elementor-column elementor-col-100 elementor-top-column elementor-element elementor-element-c76d10a\" data-id=\"c76d10a\" data-element_type=\"column\">\n\t\t\t<div class=\"elementor-widget-wrap elementor-element-populated\">\n\t\t\t\t\t\t<div class=\"elementor-element elementor-element-57d70bf elementor-widget elementor-widget-heading\" data-id=\"57d70bf\" data-element_type=\"widget\" data-widget_type=\"heading.default\">\n\t\t\t\t<div class=\"elementor-widget-container\">\n\t\t\t<h2 class=\"elementor-heading-title elementor-size-default\">Preguntas Frecuentes<\/h2>\t\t<\/div>\n\t\t\t\t<\/div>\n\t\t\t\t\t<\/div>\n\t\t<\/div>\n\t\t\t\t\t<\/div>\n\t\t<\/section>\n\t\t\t\t<section class=\"elementor-section elementor-top-section elementor-element elementor-element-ee6f23a elementor-section-boxed elementor-section-height-default elementor-section-height-default\" data-id=\"ee6f23a\" data-element_type=\"section\">\n\t\t\t\t\t\t<div class=\"elementor-container elementor-column-gap-default\">\n\t\t\t\t\t<div class=\"elementor-column elementor-col-100 elementor-top-column elementor-element elementor-element-c65686f\" data-id=\"c65686f\" data-element_type=\"column\">\n\t\t\t<div class=\"elementor-widget-wrap elementor-element-populated\">\n\t\t\t\t\t\t<div class=\"elementor-element elementor-element-ee5b142 elementor-widget elementor-widget-ucaddon_separator_divider\" data-id=\"ee5b142\" data-element_type=\"widget\" data-widget_type=\"ucaddon_separator_divider.default\">\n\t\t\t\t<div class=\"elementor-widget-container\">\n\t\t\t\n<!-- start Unlimited Separator Divider -->\n<style>\/* widget: Unlimited Separator Divider *\/\n\n#uc_separator_divider_elementor_ee5b142 svg\n{\n  width:100%;\n}\n\n<\/style>\n\n<div id=\"uc_separator_divider_elementor_ee5b142\" class=\"separator_divider\">   \n  \n\t\n  \n  \n  \n   \n  \n  \n\n    \n    \n  \n    \n  \n<svg version=\"1.1\" xmlns=\"http:\/\/www.w3.org\/2000\/svg\" x=\"0\" y=\"0\" viewBox=\"0 0 66.5 5.5\" xml:space=\"preserve\">\n\n  <path class=\"st0\" d=\"M28.6 2.7l4.8 2.8 4.7-2.8L33.4 0zM63.6 3.6l2.9-.9-2.9-.9-2.2.7H50.5L48 1l-2.9 1.7L42.2 1l-3 1.7 3 1.7 2.9-1.7L48 4.4 50.5 3h10.9zM21.6 2.7L18.7 1l-2.5 1.5H5.1L3 1.8l-3 .9 3 .9L5.1 3h11.1l2.5 1.4 2.9-1.7 3 1.7 2.9-1.7L24.6 1z\"\/>\n<\/svg>\n    \n  \n    \n    \n    \n    \n  \n<\/div>\n<!-- end Unlimited Separator Divider -->\t\t<\/div>\n\t\t\t\t<\/div>\n\t\t\t\t\t<\/div>\n\t\t<\/div>\n\t\t\t\t\t<\/div>\n\t\t<\/section>\n\t\t\t\t<section class=\"elementor-section elementor-top-section elementor-element elementor-element-b5c50d9 elementor-section-boxed elementor-section-height-default elementor-section-height-default\" data-id=\"b5c50d9\" data-element_type=\"section\">\n\t\t\t\t\t\t<div class=\"elementor-container elementor-column-gap-default\">\n\t\t\t\t\t<div class=\"elementor-column elementor-col-66 elementor-top-column elementor-element elementor-element-3fa6838\" data-id=\"3fa6838\" data-element_type=\"column\">\n\t\t\t<div class=\"elementor-widget-wrap elementor-element-populated\">\n\t\t\t\t\t\t<div class=\"elementor-element elementor-element-5725a59 elementor-widget elementor-widget-eael-adv-accordion\" data-id=\"5725a59\" data-element_type=\"widget\" data-widget_type=\"eael-adv-accordion.default\">\n\t\t\t\t<div class=\"elementor-widget-container\">\n\t\t\t            <div class=\"eael-adv-accordion\" id=\"eael-adv-accordion-5725a59\" data-scroll-on-click=\"no\" data-scroll-speed=\"300\" data-accordion-id=\"5725a59\" data-accordion-type=\"accordion\" data-toogle-speed=\"300\">\n            <div class=\"eael-accordion-list\">\n\t\t\t\t\t<div id=\"en-las-sesiones-online-si-a-causa-de-problemas-tcnicos-por-ejemplo-perdida-conexin-de-internet-no-puedo-realizar-la-consulta-qu-sucede\" class=\"elementor-tab-title eael-accordion-header\" tabindex=\"0\" data-tab=\"1\" aria-controls=\"elementor-tab-content-9131\"><span class=\"eael-advanced-accordion-icon-closed\"><i aria-hidden=\"true\" class=\"fa-accordion-icon fas fa-plus\"><\/i><\/span><span class=\"eael-advanced-accordion-icon-opened\"><i aria-hidden=\"true\" class=\"fa-accordion-icon fas fa-minus\"><\/i><\/span><span class=\"eael-accordion-tab-title\">En las sesiones online, si a causa de problemas t\u00e9cnicos (por ejemplo: perdida conexi\u00f3n de internet) no puedo realizar la consulta \u00bfQu\u00e9 sucede?<\/span><i aria-hidden=\"true\" class=\"fa-toggle fas fa-angle-right\"><\/i><\/div><div id=\"elementor-tab-content-9131\" class=\"eael-accordion-content clearfix\" data-tab=\"1\" aria-labelledby=\"en-las-sesiones-online-si-a-causa-de-problemas-tcnicos-por-ejemplo-perdida-conexin-de-internet-no-puedo-realizar-la-consulta-qu-sucede\"><p>Se pospone la sesi\u00f3n a otra fecha establecida de mutuo acuerdo sin que esto implique ning\u00fan costo adicional para el paciente.<\/p><\/div>\n\t\t\t\t\t<\/div><div class=\"eael-accordion-list\">\n\t\t\t\t\t<div id=\"es-posible-cambiar-la-hora-o-da-de-una-sesin-tras-haberla-agendado\" class=\"elementor-tab-title eael-accordion-header\" tabindex=\"0\" data-tab=\"2\" aria-controls=\"elementor-tab-content-9132\"><span class=\"eael-advanced-accordion-icon-closed\"><i aria-hidden=\"true\" class=\"fa-accordion-icon fas fa-plus\"><\/i><\/span><span class=\"eael-advanced-accordion-icon-opened\"><i aria-hidden=\"true\" class=\"fa-accordion-icon fas fa-minus\"><\/i><\/span><span class=\"eael-accordion-tab-title\">\u00bfEs posible cambiar la hora o d\u00eda de una sesi\u00f3n tras haberla agendado?<\/span><i aria-hidden=\"true\" class=\"fa-toggle fas fa-angle-right\"><\/i><\/div><div id=\"elementor-tab-content-9132\" class=\"eael-accordion-content clearfix\" data-tab=\"2\" aria-labelledby=\"es-posible-cambiar-la-hora-o-da-de-una-sesin-tras-haberla-agendado\"><p>Si, pues solicitar el cambio de d\u00eda y hora a otra disponible, siempre y cuando se de aviso con un tiempo prudencial de 24 horas para reconfigurar la agenda del profesional.<\/p><\/div>\n\t\t\t\t\t<\/div><div class=\"eael-accordion-list\">\n\t\t\t\t\t<div id=\"cunto-tiempo-dura-la-psicoterapia-y-con-qu-frecuencia-se-programan-sesiones\" class=\"elementor-tab-title eael-accordion-header\" tabindex=\"0\" data-tab=\"3\" aria-controls=\"elementor-tab-content-9133\"><span class=\"eael-advanced-accordion-icon-closed\"><i aria-hidden=\"true\" class=\"fa-accordion-icon fas fa-plus\"><\/i><\/span><span class=\"eael-advanced-accordion-icon-opened\"><i aria-hidden=\"true\" class=\"fa-accordion-icon fas fa-minus\"><\/i><\/span><span class=\"eael-accordion-tab-title\">\u00bfCu\u00e1nto tiempo dura la psicoterapia y con qu\u00e9 frecuencia se programan sesiones?<\/span><i aria-hidden=\"true\" class=\"fa-toggle fas fa-angle-right\"><\/i><\/div><div id=\"elementor-tab-content-9133\" class=\"eael-accordion-content clearfix\" data-tab=\"3\" aria-labelledby=\"cunto-tiempo-dura-la-psicoterapia-y-con-qu-frecuencia-se-programan-sesiones\"><p>Debido a que existen diversidad de factores internos y externos que influyen en la problem\u00e1tica del consultante, no existe un programa predefinido de sesiones para llegar a la finalizaci\u00f3n del proceso, siendo variable la cantidad de las mismas seg\u00fan las caracter\u00edsticas de cada persona y los factores que influyen en su situaci\u00f3n.<\/p><p>Independientemente de lo anterior, <strong>los modelos y t\u00e9cnicas psicoterap\u00e9uticas utilizadas buscan obtener resultados en el menor n\u00famero de sesiones posible.<\/strong> Es muy probable que sientas una mejor\u00eda desde el inicio dado a que buscar ayuda es un gran paso para afrontar el problema, aunque se debe tener consciencia de que se trata de un proceso que requiere compromiso, esfuerzo y trabajo conjunto para obtener beneficios duraderos y profundos.<\/p><p>Para todos los casos se realiza un proceso l\u00f3gico de recolecci\u00f3n de informaci\u00f3n general, proceso psicodiagn\u00f3stico, plan de tratamiento y sesiones de psicoterapia hasta alcanzar los objetivos establecidos en relaci\u00f3n al motivo de consulta.<\/p><p>En cuanto a la frecuencia de las sesiones, en la mayor\u00eda de casos se establecen semanalmente. Sin embargo, algunos casos pueden requerir una periodicidad mayor al inicio y generalmente hacia las sesiones finales pueden establecerse cada 15 d\u00edas o tres semanas en la medida en que aumenta el bienestar y la autogesti\u00f3n. Esto se hace con el objetivo de interiorizar lo abordado en cada sesi\u00f3n y la implementaci\u00f3n adecuada de t\u00e9cnicas y actividades entre sesiones que se incorporan de forma natural en el d\u00eda a d\u00eda del paciente.<\/p><\/div>\n\t\t\t\t\t<\/div><div class=\"eael-accordion-list\">\n\t\t\t\t\t<div id=\"cmo-se-agenda-la-primera-sesin-y-cul-es-el-mtodo-de-pago\" class=\"elementor-tab-title eael-accordion-header\" tabindex=\"0\" data-tab=\"4\" aria-controls=\"elementor-tab-content-9134\"><span class=\"eael-advanced-accordion-icon-closed\"><i aria-hidden=\"true\" class=\"fa-accordion-icon fas fa-plus\"><\/i><\/span><span class=\"eael-advanced-accordion-icon-opened\"><i aria-hidden=\"true\" class=\"fa-accordion-icon fas fa-minus\"><\/i><\/span><span class=\"eael-accordion-tab-title\">\u00bfC\u00f3mo se agenda la primera sesi\u00f3n y cu\u00e1l es el m\u00e9todo de pago?<\/span><i aria-hidden=\"true\" class=\"fa-toggle fas fa-angle-right\"><\/i><\/div><div id=\"elementor-tab-content-9134\" class=\"eael-accordion-content clearfix\" data-tab=\"4\" aria-labelledby=\"cmo-se-agenda-la-primera-sesin-y-cul-es-el-mtodo-de-pago\"><p>Comun\u00edcate al n\u00famero de whatsapp <span style=\"font-size: 16px\">+502 42761911 o a info@psicosalusgt.com para solicitar tu cita indicando d\u00eda y hora de preferencia.<\/span><\/p><p>Si hay disponibilidad en tu horario de preferencia se te indicar\u00e1, de no ser as\u00ed, se proporcionar\u00e1 informaci\u00f3n del horario m\u00e1s cercano disponible.<\/p><p>Realiza el pago correspondiente para apartar el horario y env\u00eda comprobante del mismo.\u00a0<\/p><p>Los medios de pago son:<\/p><ul><li>Dep\u00f3sito a cuentas de Banco Industrial o Banrural.<\/li><li>Transferencia electr\u00f3nica.<\/li><\/ul><\/div>\n\t\t\t\t\t<\/div><div class=\"eael-accordion-list\">\n\t\t\t\t\t<div id=\"estn-protegidos-mis-datos-e-informacin-personal\" class=\"elementor-tab-title eael-accordion-header\" tabindex=\"0\" data-tab=\"5\" aria-controls=\"elementor-tab-content-9135\"><span class=\"eael-advanced-accordion-icon-closed\"><i aria-hidden=\"true\" class=\"fa-accordion-icon fas fa-plus\"><\/i><\/span><span class=\"eael-advanced-accordion-icon-opened\"><i aria-hidden=\"true\" class=\"fa-accordion-icon fas fa-minus\"><\/i><\/span><span class=\"eael-accordion-tab-title\">\u00bfEst\u00e1n protegidos mis datos e informaci\u00f3n personal?<\/span><i aria-hidden=\"true\" class=\"fa-toggle fas fa-angle-right\"><\/i><\/div><div id=\"elementor-tab-content-9135\" class=\"eael-accordion-content clearfix\" data-tab=\"5\" aria-labelledby=\"estn-protegidos-mis-datos-e-informacin-personal\"><p>Desde la p\u00e1gina web se recogen datos personales a trav\u00e9s del formulario de contacto y en el caso de que la persona decida registrar un usuario en la p\u00e1gina con el fin de participar en el \u00e1rea de blogs como usuario en la plataforma wordpress; caso en el que se maneja la informaci\u00f3n conforme a sus pol\u00edticas privacidad: https:\/\/automattic.com\/es\/privacy\/.<\/p><p>Adem\u00e1s, nuestro sitio web incorpora un <strong>certificado de seguridad SSL<\/strong> (protocolo https) con el que los datos viajan de manera segura, cifrada y encriptada. Es importante aclarar que la p\u00e1gina web es un medio de informaci\u00f3n y contacto \u00fanicamente por lo que \u00a0<strong>LAS SESIONES DE PSICOTERAPIA ONLINE NO SE REALIZAN DESDE ESTE SITIO WEB<\/strong>, sino a trav\u00e9s de la herramienta gratuita de Google Meet estando sujetos a las pol\u00edticas de seguridad de la misma, que en cuanto al cifrado de datos refiere lo siguiente: Para asegurar la privacidad y la seguridad de los datos, Google Meet admite las siguientes medidas de cifrado en la nube en las reuniones y llamadas de Meet:<\/p><ul><li>De forma predeterminada, los datos de las reuniones y de las llamadas de Meet se cifran en tr\u00e1nsito entre el cliente y los centros de datos de Google para las reuniones que tienen lugar en Google Meet.<\/li><li>De forma predeterminada, las grabaciones de reuniones y llamadas de Meet almacenadas en Google Drive se cifran en reposo.<\/li><li>El cifrado de las reuniones y las llamadas de Meet cumple con lo siguiente:<ul><li>Est\u00e1ndares de seguridad de Internet Engineering Task Force para la Seguridad en la capa de transporte para datagramas (DTLS)<\/li><li>Protocolo de transporte en tiempo real seguro (SRTP)<\/li><\/ul><\/li><\/ul><p>Con independencia de la p\u00e1gina web, es responsabilidad del profesional llevar un registro de los casos que trata, tomando las medidas necesarias para resguardo de la informaci\u00f3n tanto de forma digital como f\u00edsica de acuerdo a lo establecido en el c\u00f3digo de \u00e9tica del Colegio de Psic\u00f3logos de Guatemala.<\/p><\/div>\n\t\t\t\t\t<\/div><div class=\"eael-accordion-list\">\n\t\t\t\t\t<div id=\"hay-sesiones-presenciales\" class=\"elementor-tab-title eael-accordion-header\" tabindex=\"0\" data-tab=\"6\" aria-controls=\"elementor-tab-content-9136\"><span class=\"eael-advanced-accordion-icon-closed\"><i aria-hidden=\"true\" class=\"fa-accordion-icon fas fa-plus\"><\/i><\/span><span class=\"eael-advanced-accordion-icon-opened\"><i aria-hidden=\"true\" class=\"fa-accordion-icon fas fa-minus\"><\/i><\/span><span class=\"eael-accordion-tab-title\">\u00bfHay sesiones presenciales?<\/span><i aria-hidden=\"true\" class=\"fa-toggle fas fa-angle-right\"><\/i><\/div><div id=\"elementor-tab-content-9136\" class=\"eael-accordion-content clearfix\" data-tab=\"6\" aria-labelledby=\"hay-sesiones-presenciales\"><p>Se trabaja principalmente online, sin embargo, si es posible realizar sesiones presenciales previa cita en instalaciones del Centro de Salud Integral Higia Edificio el Patio, zona 4.<\/p><\/div>\n\t\t\t\t\t<\/div><\/div>\t\t<\/div>\n\t\t\t\t<\/div>\n\t\t\t\t\t<\/div>\n\t\t<\/div>\n\t\t\t\t<div class=\"elementor-column elementor-col-33 elementor-top-column elementor-element elementor-element-5fefd3a\" data-id=\"5fefd3a\" data-element_type=\"column\">\n\t\t\t<div class=\"elementor-widget-wrap elementor-element-populated\">\n\t\t\t\t\t\t<div class=\"elementor-element elementor-element-99666b4 elementor-widget elementor-widget-image\" data-id=\"99666b4\" data-element_type=\"widget\" data-widget_type=\"image.default\">\n\t\t\t\t<div class=\"elementor-widget-container\">\n\t\t\t\t\t\t\t\t\t\t\t\t\t<img fetchpriority=\"high\" decoding=\"async\" width=\"1709\" height=\"2560\" src=\"https:\/\/psicosalusgt.com\/wp-content\/uploads\/2022\/02\/pexels-olya-kobruseva-5428835-scaled.jpg\" class=\"attachment-full size-full wp-image-401\" alt=\"FAQ\" srcset=\"https:\/\/psicosalusgt.com\/wp-content\/uploads\/2022\/02\/pexels-olya-kobruseva-5428835-scaled.jpg 1709w, https:\/\/psicosalusgt.com\/wp-content\/uploads\/2022\/02\/pexels-olya-kobruseva-5428835-200x300.jpg 200w, https:\/\/psicosalusgt.com\/wp-content\/uploads\/2022\/02\/pexels-olya-kobruseva-5428835-684x1024.jpg 684w, https:\/\/psicosalusgt.com\/wp-content\/uploads\/2022\/02\/pexels-olya-kobruseva-5428835-768x1150.jpg 768w, https:\/\/psicosalusgt.com\/wp-content\/uploads\/2022\/02\/pexels-olya-kobruseva-5428835-1025x1536.jpg 1025w, https:\/\/psicosalusgt.com\/wp-content\/uploads\/2022\/02\/pexels-olya-kobruseva-5428835-1367x2048.jpg 1367w\" sizes=\"(max-width: 1709px) 100vw, 1709px\" \/>\t\t\t\t\t\t\t\t\t\t\t\t\t<\/div>\n\t\t\t\t<\/div>\n\t\t\t\t\t<\/div>\n\t\t<\/div>\n\t\t\t\t\t<\/div>\n\t\t<\/section>\n\t\t\t\t<\/div>\n\t\t","protected":false},"excerpt":{"rendered":"<p>Preguntas Frecuentes En las sesiones online, si a causa de problemas t\u00e9cnicos (por ejemplo: perdida conexi\u00f3n de internet) no puedo realizar la consulta \u00bfQu\u00e9 sucede? Se pospone la sesi\u00f3n a otra fecha establecida de mutuo acuerdo sin que esto implique ning\u00fan costo adicional para el paciente. \u00bfEs posible cambiar la hora o d\u00eda de una [&hellip;]<\/p>\n","protected":false},"author":1,"featured_media":0,"parent":0,"menu_order":0,"comment_status":"closed","ping_status":"closed","template":"","meta":{"om_disable_all_campaigns":false,"_monsterinsights_skip_tracking":false,"_monsterinsights_sitenote_active":false,"_monsterinsights_sitenote_note":"","_monsterinsights_sitenote_category":0,"site-sidebar-layout":"no-sidebar","site-content-layout":"page-builder","ast-site-content-layout":"","site-content-style":"default","site-sidebar-style":"default","ast-global-header-display":"","ast-banner-title-visibility":"","ast-main-header-display":"","ast-hfb-above-header-display":"","ast-hfb-below-header-display":"","ast-hfb-mobile-header-display":"","site-post-title":"disabled","ast-breadcrumbs-content":"","ast-featured-img":"disabled","footer-sml-layout":"","theme-transparent-header-meta":"default","adv-header-id-meta":"","stick-header-meta":"","header-above-stick-meta":"","header-main-stick-meta":"","header-below-stick-meta":"","astra-migrate-meta-layouts":"default","ast-page-background-enabled":"default","ast-page-background-meta":{"desktop":{"background-color":"var(--ast-global-color-4)","background-image":"","background-repeat":"repeat","background-position":"center center","background-size":"auto","background-attachment":"scroll","background-type":"","background-media":"","overlay-type":"","overlay-color":"","overlay-opacity":"","overlay-gradient":""},"tablet":{"background-color":"","background-image":"","background-repeat":"repeat","background-position":"center center","background-size":"auto","background-attachment":"scroll","background-type":"","background-media":"","overlay-type":"","overlay-color":"","overlay-opacity":"","overlay-gradient":""},"mobile":{"background-color":"","background-image":"","background-repeat":"repeat","background-position":"center center","background-size":"auto","background-attachment":"scroll","background-type":"","background-media":"","overlay-type":"","overlay-color":"","overlay-opacity":"","overlay-gradient":""}},"ast-content-background-meta":{"desktop":{"background-color":"var(--ast-global-color-5)","background-image":"","background-repeat":"repeat","background-position":"center center","background-size":"auto","background-attachment":"scroll","background-type":"","background-media":"","overlay-type":"","overlay-color":"","overlay-opacity":"","overlay-gradient":""},"tablet":{"background-color":"var(--ast-global-color-5)","background-image":"","background-repeat":"repeat","background-position":"center center","background-size":"auto","background-attachment":"scroll","background-type":"","background-media":"","overlay-type":"","overlay-color":"","overlay-opacity":"","overlay-gradient":""},"mobile":{"background-color":"var(--ast-global-color-5)","background-image":"","background-repeat":"repeat","background-position":"center center","background-size":"auto","background-attachment":"scroll","background-type":"","background-media":"","overlay-type":"","overlay-color":"","overlay-opacity":"","overlay-gradient":""}},"footnotes":""},"class_list":["post-263","page","type-page","status-publish","hentry"],"aioseo_notices":[],"_links":{"self":[{"href":"https:\/\/psicosalusgt.com\/index.php\/wp-json\/wp\/v2\/pages\/263","targetHints":{"allow":["GET"]}}],"collection":[{"href":"https:\/\/psicosalusgt.com\/index.php\/wp-json\/wp\/v2\/pages"}],"about":[{"href":"https:\/\/psicosalusgt.com\/index.php\/wp-json\/wp\/v2\/types\/page"}],"author":[{"embeddable":true,"href":"https:\/\/psicosalusgt.com\/index.php\/wp-json\/wp\/v2\/users\/1"}],"replies":[{"embeddable":true,"href":"https:\/\/psicosalusgt.com\/index.php\/wp-json\/wp\/v2\/comments?post=263"}],"version-history":[{"count":49,"href":"https:\/\/psicosalusgt.com\/index.php\/wp-json\/wp\/v2\/pages\/263\/revisions"}],"predecessor-version":[{"id":635,"href":"https:\/\/psicosalusgt.com\/index.php\/wp-json\/wp\/v2\/pages\/263\/revisions\/635"}],"wp:attachment":[{"href":"https:\/\/psicosalusgt.com\/index.php\/wp-json\/wp\/v2\/media?parent=263"}],"curies":[{"name":"wp","href":"https:\/\/api.w.org\/{rel}","templated":true}]}}