{"id":87,"date":"2021-10-14T16:29:35","date_gmt":"2021-10-14T16:29:35","guid":{"rendered":"http:\/\/psicosalusgt.com\/?page_id=87"},"modified":"2025-07-21T14:55:52","modified_gmt":"2025-07-21T14:55:52","slug":"inicio","status":"publish","type":"page","link":"https:\/\/psicosalusgt.com\/","title":{"rendered":"Inicio"},"content":{"rendered":"\t\t<div data-elementor-type=\"wp-page\" data-elementor-id=\"87\" class=\"elementor elementor-87\">\n\t\t\t\t\t\t<section class=\"elementor-section elementor-top-section elementor-element elementor-element-a819993 elementor-section-full_width elementor-section-stretched elementor-section-height-default elementor-section-height-default elementor-invisible\" data-id=\"a819993\" data-element_type=\"section\" data-settings=\"{&quot;stretch_section&quot;:&quot;section-stretched&quot;,&quot;animation&quot;:&quot;fadeIn&quot;}\">\n\t\t\t\t\t\t<div class=\"elementor-container elementor-column-gap-default\">\n\t\t\t\t\t<div class=\"elementor-column elementor-col-100 elementor-top-column elementor-element elementor-element-f797345\" data-id=\"f797345\" data-element_type=\"column\">\n\t\t\t<div class=\"elementor-widget-wrap elementor-element-populated\">\n\t\t\t\t\t\t<div class=\"elementor-element elementor-element-cf0cf2c elementor-widget elementor-widget-image\" data-id=\"cf0cf2c\" data-element_type=\"widget\" data-widget_type=\"image.default\">\n\t\t\t\t<div class=\"elementor-widget-container\">\n\t\t\t\t\t\t\t\t\t\t\t\t\t<img fetchpriority=\"high\" decoding=\"async\" width=\"1800\" height=\"700\" src=\"https:\/\/psicosalusgt.com\/wp-content\/uploads\/2024\/01\/inicio_principal_24.jpg\" class=\"attachment-full size-full wp-image-589\" alt=\"\" srcset=\"https:\/\/psicosalusgt.com\/wp-content\/uploads\/2024\/01\/inicio_principal_24.jpg 1800w, https:\/\/psicosalusgt.com\/wp-content\/uploads\/2024\/01\/inicio_principal_24-300x117.jpg 300w, https:\/\/psicosalusgt.com\/wp-content\/uploads\/2024\/01\/inicio_principal_24-1024x398.jpg 1024w, https:\/\/psicosalusgt.com\/wp-content\/uploads\/2024\/01\/inicio_principal_24-768x299.jpg 768w, https:\/\/psicosalusgt.com\/wp-content\/uploads\/2024\/01\/inicio_principal_24-1536x597.jpg 1536w\" sizes=\"(max-width: 1800px) 100vw, 1800px\" \/>\t\t\t\t\t\t\t\t\t\t\t\t\t<\/div>\n\t\t\t\t<\/div>\n\t\t\t\t\t<\/div>\n\t\t<\/div>\n\t\t\t\t\t<\/div>\n\t\t<\/section>\n\t\t\t\t<section class=\"elementor-section elementor-top-section elementor-element elementor-element-70a3e5b elementor-section-boxed elementor-section-height-default elementor-section-height-default\" data-id=\"70a3e5b\" data-element_type=\"section\">\n\t\t\t\t\t\t<div class=\"elementor-container elementor-column-gap-default\">\n\t\t\t\t\t<div class=\"elementor-column elementor-col-33 elementor-top-column elementor-element elementor-element-9849db6\" data-id=\"9849db6\" data-element_type=\"column\">\n\t\t\t<div class=\"elementor-widget-wrap elementor-element-populated\">\n\t\t\t\t\t\t<div class=\"elementor-element elementor-element-519f58b ekit-equal-height-enable elementor-widget elementor-widget-elementskit-icon-box\" data-id=\"519f58b\" data-element_type=\"widget\" data-widget_type=\"elementskit-icon-box.default\">\n\t\t\t\t<div class=\"elementor-widget-container\">\n\t\t\t<div class=\"ekit-wid-con\" >        <!-- link opening -->\n                <!-- end link opening -->\n\n        <div class=\"elementskit-infobox text-center text- icon-top-align elementor-animation-   \">\n                            <div class=\"elementskit-box-header\">\n                <div class=\"elementskit-info-box-icon \">\n                    <img decoding=\"async\" width=\"1600\" height=\"900\" src=\"https:\/\/psicosalusgt.com\/wp-content\/uploads\/2021\/11\/online_1.jpg\" class=\"attachment- size-\" alt=\"\" srcset=\"https:\/\/psicosalusgt.com\/wp-content\/uploads\/2021\/11\/online_1.jpg 1600w, https:\/\/psicosalusgt.com\/wp-content\/uploads\/2021\/11\/online_1-300x169.jpg 300w, https:\/\/psicosalusgt.com\/wp-content\/uploads\/2021\/11\/online_1-1024x576.jpg 1024w, https:\/\/psicosalusgt.com\/wp-content\/uploads\/2021\/11\/online_1-768x432.jpg 768w, https:\/\/psicosalusgt.com\/wp-content\/uploads\/2021\/11\/online_1-1536x864.jpg 1536w\" sizes=\"(max-width: 1600px) 100vw, 1600px\" \/>                <\/div>\n          <\/div>\n                <div class=\"box-body\">\n                            <h3 class=\"elementskit-info-box-title\">\n                     Psicoterapia en l\u00ednea                 <\/h3>\n                        \t\t  <p>La psicoterapia en l\u00ednea ha demostrado ser tan eficaz como la realizada de forma presencial, adem\u00e1s de ofrecer una serie de ventajas \u00fanicas que favorecen el proceso.<\/p>\n                                        <div class=\"box-footer enable_hover_btn\">\n                    <div class=\"btn-wraper\">\n                                                            <a href=\"https:\/\/psicosalusgt.com\/index.php\/psicoterapia-online\/\" target=\"_self\" rel=\"\" class=\"elementskit-btn whitespace--normal elementor-animation-\">\n                                                                                Conocer todas las ventajas                                    <\/a>\n                                                        <\/div>\n                <\/div>\n                    <\/div>\n        \n        \n                <\/div>\n        <\/div>\t\t<\/div>\n\t\t\t\t<\/div>\n\t\t\t\t\t<\/div>\n\t\t<\/div>\n\t\t\t\t<div class=\"elementor-column elementor-col-33 elementor-top-column elementor-element elementor-element-063ff7d\" data-id=\"063ff7d\" data-element_type=\"column\">\n\t\t\t<div class=\"elementor-widget-wrap elementor-element-populated\">\n\t\t\t\t\t\t<div class=\"elementor-element elementor-element-ffb5a7d ekit-equal-height-enable elementor-widget elementor-widget-elementskit-icon-box\" data-id=\"ffb5a7d\" data-element_type=\"widget\" data-widget_type=\"elementskit-icon-box.default\">\n\t\t\t\t<div class=\"elementor-widget-container\">\n\t\t\t<div class=\"ekit-wid-con\" >        <!-- link opening -->\n                <!-- end link opening -->\n\n        <div class=\"elementskit-infobox text-center text- icon-top-align elementor-animation-   \">\n                            <div class=\"elementskit-box-header\">\n                <div class=\"elementskit-info-box-icon \">\n                    <img decoding=\"async\" width=\"2560\" height=\"1785\" src=\"https:\/\/psicosalusgt.com\/wp-content\/uploads\/2024\/01\/Google-Meet-1-scaled.jpg\" class=\"attachment- size-\" alt=\"Meet\" srcset=\"https:\/\/psicosalusgt.com\/wp-content\/uploads\/2024\/01\/Google-Meet-1-scaled.jpg 2560w, https:\/\/psicosalusgt.com\/wp-content\/uploads\/2024\/01\/Google-Meet-1-300x209.jpg 300w, https:\/\/psicosalusgt.com\/wp-content\/uploads\/2024\/01\/Google-Meet-1-1024x714.jpg 1024w, https:\/\/psicosalusgt.com\/wp-content\/uploads\/2024\/01\/Google-Meet-1-768x536.jpg 768w, https:\/\/psicosalusgt.com\/wp-content\/uploads\/2024\/01\/Google-Meet-1-1536x1071.jpg 1536w, https:\/\/psicosalusgt.com\/wp-content\/uploads\/2024\/01\/Google-Meet-1-2048x1428.jpg 2048w\" sizes=\"(max-width: 2560px) 100vw, 2560px\" \/>                <\/div>\n          <\/div>\n                <div class=\"box-body\">\n                            <h3 class=\"elementskit-info-box-title\">\n                    Sesiones mediante Google Meet                <\/h3>\n                        \t\t  <p>Puedes acceder f\u00e1cilmente a las sesiones desde cualquier dispositivo con Google Meet, que cumple con los siguientes protocolos para el cifrado de la informaci\u00f3n:\n- Est\u00e1ndares de seguridad de Internet\n- Engineering Task Force para la Seguridad en la capa de transporte para datagramas (DTLS)\n- Protocolo de transporte en tiempo real seguro (SRTP)<\/p>\n                                <\/div>\n        \n        \n                <\/div>\n        <\/div>\t\t<\/div>\n\t\t\t\t<\/div>\n\t\t\t\t\t<\/div>\n\t\t<\/div>\n\t\t\t\t<div class=\"elementor-column elementor-col-33 elementor-top-column elementor-element elementor-element-44d183b\" data-id=\"44d183b\" data-element_type=\"column\">\n\t\t\t<div class=\"elementor-widget-wrap elementor-element-populated\">\n\t\t\t\t\t\t<div class=\"elementor-element elementor-element-fe91a06 ekit-equal-height-disable elementor-widget elementor-widget-elementskit-icon-box\" data-id=\"fe91a06\" data-element_type=\"widget\" data-widget_type=\"elementskit-icon-box.default\">\n\t\t\t\t<div class=\"elementor-widget-container\">\n\t\t\t<div class=\"ekit-wid-con\" >        <!-- link opening -->\n                <!-- end link opening -->\n\n        <div class=\"elementskit-infobox text-center text- icon-top-align elementor-animation-   \">\n                            <div class=\"elementskit-box-header\">\n                <div class=\"elementskit-info-box-icon \">\n                    <img loading=\"lazy\" decoding=\"async\" width=\"2560\" height=\"1707\" src=\"https:\/\/psicosalusgt.com\/wp-content\/uploads\/2022\/02\/pexels-cottonbro-4100661-scaled.jpg\" class=\"attachment- size-\" alt=\"\" srcset=\"https:\/\/psicosalusgt.com\/wp-content\/uploads\/2022\/02\/pexels-cottonbro-4100661-scaled.jpg 2560w, https:\/\/psicosalusgt.com\/wp-content\/uploads\/2022\/02\/pexels-cottonbro-4100661-300x200.jpg 300w, https:\/\/psicosalusgt.com\/wp-content\/uploads\/2022\/02\/pexels-cottonbro-4100661-1024x683.jpg 1024w, https:\/\/psicosalusgt.com\/wp-content\/uploads\/2022\/02\/pexels-cottonbro-4100661-768x512.jpg 768w, https:\/\/psicosalusgt.com\/wp-content\/uploads\/2022\/02\/pexels-cottonbro-4100661-1536x1024.jpg 1536w, https:\/\/psicosalusgt.com\/wp-content\/uploads\/2022\/02\/pexels-cottonbro-4100661-2048x1365.jpg 2048w\" sizes=\"(max-width: 2560px) 100vw, 2560px\" \/>                <\/div>\n          <\/div>\n                <div class=\"box-body\">\n                            <h3 class=\"elementskit-info-box-title\">\n                    \u00bfDeseas agendar una cita?                <\/h3>\n                        \t\t  <p><p>Solicita tu cita al Whatsapp: 42761911 <br>\nCorreo: info@psicosalusgt.com<\/br>\n\n<\/p>\n\n<p>Sesiones se realizan \u00fanicamente con cita previa. <br>\n\n<br>Horario sesiones online  <br>\nLunes a viernes de 8 a.m. a 1 p.m. \ny de 3 a 6 p.m.<\/br>\n<\/p>\n\n<\/p>\n                                <\/div>\n        \n        \n                <\/div>\n        <\/div>\t\t<\/div>\n\t\t\t\t<\/div>\n\t\t\t\t\t<\/div>\n\t\t<\/div>\n\t\t\t\t\t<\/div>\n\t\t<\/section>\n\t\t\t\t<\/div>\n\t\t","protected":false},"excerpt":{"rendered":"<p>Psicoterapia en l\u00ednea La psicoterapia en l\u00ednea ha demostrado ser tan eficaz como la realizada de forma presencial, adem\u00e1s de ofrecer una serie de ventajas \u00fanicas que favorecen el proceso. Conocer todas las ventajas Sesiones mediante Google Meet Puedes acceder f\u00e1cilmente a las sesiones desde cualquier dispositivo con Google Meet, que cumple con los siguientes [&hellip;]<\/p>\n","protected":false},"author":1,"featured_media":0,"parent":0,"menu_order":0,"comment_status":"closed","ping_status":"closed","template":"","meta":{"om_disable_all_campaigns":false,"_monsterinsights_skip_tracking":false,"_monsterinsights_sitenote_active":false,"_monsterinsights_sitenote_note":"","_monsterinsights_sitenote_category":0,"site-sidebar-layout":"default","site-content-layout":"default","ast-site-content-layout":"","site-content-style":"default","site-sidebar-style":"default","ast-global-header-display":"","ast-banner-title-visibility":"","ast-main-header-display":"","ast-hfb-above-header-display":"","ast-hfb-below-header-display":"","ast-hfb-mobile-header-display":"","site-post-title":"","ast-breadcrumbs-content":"","ast-featured-img":"","footer-sml-layout":"","theme-transparent-header-meta":"default","adv-header-id-meta":"","stick-header-meta":"","header-above-stick-meta":"","header-main-stick-meta":"","header-below-stick-meta":"","astra-migrate-meta-layouts":"default","ast-page-background-enabled":"default","ast-page-background-meta":{"desktop":{"background-color":"var(--ast-global-color-4)","background-image":"","background-repeat":"repeat","background-position":"center center","background-size":"auto","background-attachment":"scroll","background-type":"","background-media":"","overlay-type":"","overlay-color":"","overlay-opacity":"","overlay-gradient":""},"tablet":{"background-color":"","background-image":"","background-repeat":"repeat","background-position":"center center","background-size":"auto","background-attachment":"scroll","background-type":"","background-media":"","overlay-type":"","overlay-color":"","overlay-opacity":"","overlay-gradient":""},"mobile":{"background-color":"","background-image":"","background-repeat":"repeat","background-position":"center center","background-size":"auto","background-attachment":"scroll","background-type":"","background-media":"","overlay-type":"","overlay-color":"","overlay-opacity":"","overlay-gradient":""}},"ast-content-background-meta":{"desktop":{"background-color":"var(--ast-global-color-5)","background-image":"","background-repeat":"repeat","background-position":"center center","background-size":"auto","background-attachment":"scroll","background-type":"","background-media":"","overlay-type":"","overlay-color":"","overlay-opacity":"","overlay-gradient":""},"tablet":{"background-color":"var(--ast-global-color-5)","background-image":"","background-repeat":"repeat","background-position":"center center","background-size":"auto","background-attachment":"scroll","background-type":"","background-media":"","overlay-type":"","overlay-color":"","overlay-opacity":"","overlay-gradient":""},"mobile":{"background-color":"var(--ast-global-color-5)","background-image":"","background-repeat":"repeat","background-position":"center center","background-size":"auto","background-attachment":"scroll","background-type":"","background-media":"","overlay-type":"","overlay-color":"","overlay-opacity":"","overlay-gradient":""}},"footnotes":""},"class_list":["post-87","page","type-page","status-publish","hentry"],"aioseo_notices":[],"_links":{"self":[{"href":"https:\/\/psicosalusgt.com\/index.php\/wp-json\/wp\/v2\/pages\/87","targetHints":{"allow":["GET"]}}],"collection":[{"href":"https:\/\/psicosalusgt.com\/index.php\/wp-json\/wp\/v2\/pages"}],"about":[{"href":"https:\/\/psicosalusgt.com\/index.php\/wp-json\/wp\/v2\/types\/page"}],"author":[{"embeddable":true,"href":"https:\/\/psicosalusgt.com\/index.php\/wp-json\/wp\/v2\/users\/1"}],"replies":[{"embeddable":true,"href":"https:\/\/psicosalusgt.com\/index.php\/wp-json\/wp\/v2\/comments?post=87"}],"version-history":[{"count":83,"href":"https:\/\/psicosalusgt.com\/index.php\/wp-json\/wp\/v2\/pages\/87\/revisions"}],"predecessor-version":[{"id":629,"href":"https:\/\/psicosalusgt.com\/index.php\/wp-json\/wp\/v2\/pages\/87\/revisions\/629"}],"wp:attachment":[{"href":"https:\/\/psicosalusgt.com\/index.php\/wp-json\/wp\/v2\/media?parent=87"}],"curies":[{"name":"wp","href":"https:\/\/api.w.org\/{rel}","templated":true}]}}